{"id":6070,"date":"2017-03-13T16:59:39","date_gmt":"2017-03-13T15:59:39","guid":{"rendered":"http:\/\/logo-flex.de\/produkte\/bumper\/quadratisch\/"},"modified":"2017-07-10T20:22:50","modified_gmt":"2017-07-10T18:22:50","slug":"quadratisch","status":"publish","type":"page","link":"https:\/\/logo-flex.de\/pt-pt\/produkte\/bumper\/quadratisch\/","title":{"rendered":"quadrados"},"content":{"rendered":"<div id='av_section_1'  class='avia-section main_color avia-section-large avia-no-shadow  avia-full-stretch avia-bg-style-scroll  avia-builder-el-0  el_before_av_one_third  avia-builder-el-first   container_wrap sidebar_right' style='background-repeat: no-repeat; background-image: url(https:\/\/logo-flex.de\/wp-content\/uploads\/2017\/04\/IMG_8846-1500x630.jpg);background-attachment: scroll; background-position: bottom center;  '  data-section-bg-repeat='stretch'><div class='container' ><main  class='template-page content  av-content-small alpha units'><div class='post-entry post-entry-type-page post-entry-6070'><div class='entry-content-wrapper clearfix'>\n<div  style='height:25px' class='hr hr-invisible   avia-builder-el-1  avia-builder-el-no-sibling '><span class='hr-inner ' ><span class='hr-inner-style'><\/span><\/span><\/div>\n<\/div><\/div><\/main><!-- close content main element --><\/div><\/div><div id='after_section_1'  class='main_color av_default_container_wrap container_wrap sidebar_right' style=' '  ><div class='container' ><div class='template-page content  av-content-small alpha units'><div class='post-entry post-entry-type-page post-entry-6070'><div class='entry-content-wrapper clearfix'>\n<div class=\"flex_column av_one_third  flex_column_div av-zero-column-padding first  avia-builder-el-2  el_after_av_section  el_before_av_two_third  avia-builder-el-first  \" style='border-radius:0px; '><div  style='padding-bottom:8px; color:#000000;font-size:40px;' class='av-special-heading av-special-heading-h3 custom-color-heading blockquote modern-quote modern-centered  avia-builder-el-3  avia-builder-el-no-sibling  av-inherit-size '><h3 class='av-special-heading-tag '  >BUMPER<\/h3><div class ='av-subheading av-subheading_below av_custom_color ' style='font-size:17px;'><p>quadrados<\/p>\n<\/div><div class='special-heading-border'><div class='special-heading-inner-border' style='border-color:#000000'><\/div><\/div><\/div><\/div>\n<div class=\"flex_column av_two_third  flex_column_div av-zero-column-padding   avia-builder-el-4  el_after_av_one_third  el_before_av_table  \" style='border-radius:0px; '><div  class='avia-image-container  av-styling-    avia-builder-el-5  avia-builder-el-no-sibling  avia-align-center '  ><div class='avia-image-container-inner'><div class='avia-image-overlay-wrap'><img class='wp-image-5457 avia-img-lazy-loading-not-5457 avia_image' src=\"https:\/\/logo-flex.de\/wp-content\/uploads\/2017\/03\/banner-quadratisch.jpg\" alt='Quadratische Elastikpuffer' title='banner quadratisch' height=\"207\" width=\"1030\" srcset=\"https:\/\/logo-flex.de\/wp-content\/uploads\/2017\/03\/banner-quadratisch.jpg 1030w, https:\/\/logo-flex.de\/wp-content\/uploads\/2017\/03\/banner-quadratisch-300x60.jpg 300w, https:\/\/logo-flex.de\/wp-content\/uploads\/2017\/03\/banner-quadratisch-768x154.jpg 768w, https:\/\/logo-flex.de\/wp-content\/uploads\/2017\/03\/banner-quadratisch-705x142.jpg 705w, https:\/\/logo-flex.de\/wp-content\/uploads\/2017\/03\/banner-quadratisch-450x90.jpg 450w\" sizes=\"(max-width: 1030px) 100vw, 1030px\" \/><\/div><\/div><\/div><\/div>\n<div class='avia-data-table-wrap avia_responsive_table'><table  class='avia-table avia-data-table avia-table-1  avia-builder-el-6  el_after_av_two_third  el_before_av_section  avia-builder-el-last  avia_pricing_minimal ' ><tbody><tr class='avia-heading-row'><th class='avia-highlight-col'>Produto<\/th><th class=''>Largura \/ di\u00e2metro em mil\u00edmetros<\/th><th class=''>Altura em mil\u00edmetros<\/th><\/tr><tr class=''><td class='avia-highlight-col'>3100<br \/>\n<img style=\"width: 80px;\" src=\"https:\/\/logo-flex.de\/wp-content\/uploads\/2017\/07\/quadratisch1.jpg\" alt=\"\" title=\"\"><\/td><td class=''>10,0<\/td><td class=''>2,5<\/td><\/tr><tr class=''><td class='avia-highlight-col'>3127<br \/>\n<img style=\"width: 90px;\" src=\"https:\/\/logo-flex.de\/wp-content\/uploads\/2017\/04\/8632-1.jpg\" alt=\"\" title=\"\"><\/td><td class=''>12,7<\/td><td class=''>3,1<\/td><\/tr><tr class=''><td class='avia-highlight-col'>3126<br \/>\n<img style=\"width: 90px;\" src=\"https:\/\/logo-flex.de\/wp-content\/uploads\/2017\/07\/quadratisch3.jpg\" alt=\"\" title=\"\"><\/td><td class=''>12,6<\/td><td class=''>5,7<\/td><\/tr><tr class=''><td class='avia-highlight-col'>3205<br \/>\n<img style=\"width: 160px;\" src=\"https:\/\/logo-flex.de\/wp-content\/uploads\/2017\/07\/quadratisch4.jpg\" alt=\"\" title=\"\"><\/td><td class=''>20,5<\/td><td class=''>7,5<\/td><\/tr><\/tbody><\/table><\/div><style type='text\/css'>.avia-table-1 td:nth-of-type(1):before { content: 'Produto'; } .avia-table-1 td:nth-of-type(2):before { content: 'Largura \/ di\u00e2metro em mil\u00edmetros'; } .avia-table-1 td:nth-of-type(3):before { content: 'Altura em mil\u00edmetros'; } <\/style>\n<\/div><\/div><\/div><!-- close content main div --><\/div><\/div><div id='av_section_2'  class='avia-section main_color avia-section-default avia-no-border-styling  avia-bg-style-scroll  avia-builder-el-7  el_after_av_table  avia-builder-el-last   container_wrap sidebar_right' style='background-color: #8e207a;  '  ><div class='container' ><div class='template-page content  av-content-small alpha units'><div class='post-entry post-entry-type-page post-entry-6070'><div class='entry-content-wrapper clearfix'>\n<div class='flex_column_table av-equal-height-column-flextable -flextable' ><div class=\"flex_column av_four_fifth  flex_column_table_cell av-equal-height-column av-align-middle av-zero-column-padding first  avia-builder-el-8  el_before_av_one_fifth  avia-builder-el-first  \" style='border-radius:0px; '><section class=\"av_textblock_section \" ><div class='avia_textblock  '  ><h3 style=\"text-align: left;\"><span style=\"color: #ffffff;\">Sie haben Interesse an unseren Produkten? Nehmen Sie hier Kontakt zu uns auf!<\/span><\/h3>\n<\/div><\/section><\/div><div class='av-flex-placeholder'><\/div><div class=\"flex_column av_one_fifth  flex_column_table_cell av-equal-height-column av-align-middle av-zero-column-padding   avia-builder-el-10  el_after_av_four_fifth  avia-builder-el-last  \" style='border-radius:0px; '><div  class='avia-button-wrap avia-button-center  avia-builder-el-11  avia-builder-el-no-sibling ' ><a href='https:\/\/logo-flex.de\/kontakt' class='avia-button   avia-icon_select-no avia-size-large avia-position-center ' target=\"_blank\" rel=\"noopener noreferrer\" style='background-color:#ffffff; border-color:#ffffff; color:#666666; '><span class='avia_iconbox_title' > Kontakt <\/span><\/a><\/div><\/div><\/div><!--close column table wrapper. Autoclose: 1 -->\n<\/div><\/div><\/div><!-- close content main div --><\/div><\/div><div id='after_section_2'  class='main_color av_default_container_wrap container_wrap sidebar_right' style=' '  ><div class='container' ><div class='template-page content  av-content-small alpha units'><div class='post-entry post-entry-type-page post-entry-6070'><div class='entry-content-wrapper clearfix'>\n","protected":false},"excerpt":{"rendered":"","protected":false},"author":4,"featured_media":5457,"parent":5257,"menu_order":0,"comment_status":"closed","ping_status":"closed","template":"","meta":[],"_links":{"self":[{"href":"https:\/\/logo-flex.de\/pt-pt\/wp-json\/wp\/v2\/pages\/6070"}],"collection":[{"href":"https:\/\/logo-flex.de\/pt-pt\/wp-json\/wp\/v2\/pages"}],"about":[{"href":"https:\/\/logo-flex.de\/pt-pt\/wp-json\/wp\/v2\/types\/page"}],"author":[{"embeddable":true,"href":"https:\/\/logo-flex.de\/pt-pt\/wp-json\/wp\/v2\/users\/4"}],"replies":[{"embeddable":true,"href":"https:\/\/logo-flex.de\/pt-pt\/wp-json\/wp\/v2\/comments?post=6070"}],"version-history":[{"count":0,"href":"https:\/\/logo-flex.de\/pt-pt\/wp-json\/wp\/v2\/pages\/6070\/revisions"}],"up":[{"embeddable":true,"href":"https:\/\/logo-flex.de\/pt-pt\/wp-json\/wp\/v2\/pages\/5257"}],"wp:featuredmedia":[{"embeddable":true,"href":"https:\/\/logo-flex.de\/pt-pt\/wp-json\/wp\/v2\/media\/5457"}],"wp:attachment":[{"href":"https:\/\/logo-flex.de\/pt-pt\/wp-json\/wp\/v2\/media?parent=6070"}],"curies":[{"name":"wp","href":"https:\/\/api.w.org\/{rel}","templated":true}]}}