{"id":5186,"date":"2013-04-01T15:37:54","date_gmt":"2013-04-01T13:37:54","guid":{"rendered":"http:\/\/logo-flex.de\/home\/"},"modified":"2021-07-14T10:26:34","modified_gmt":"2021-07-14T08:26:34","slug":"home","status":"publish","type":"page","link":"https:\/\/logo-flex.de\/pt-pt\/","title":{"rendered":"Homepage"},"content":{"rendered":"<\/p>\n<div id='revolutionslider_1'  class='avia-layerslider avia-revolutionslider main_color avia-shadow  avia-builder-el-0  el_before_av_section  avia-builder-el-first   container_wrap sidebar_right' style=' '  >\n\t\t\t<!-- START home_pt REVOLUTION SLIDER 6.4.11 --><p class=\"rs-p-wp-fix\"><\/p>\n\t\t\t<rs-module-wrap id=\"rev_slider_7_1_wrapper\" data-source=\"gallery\" style=\"background:transparent;padding:0;\">\n\t\t\t\t<rs-module id=\"rev_slider_7_1\" style=\"\" data-version=\"6.4.11\">\n\t\t\t\t\t<rs-slides>\n\t\t\t\t\t\t<rs-slide data-key=\"rs-7\" data-title=\"Slide\" data-duration=\"9270\" data-in=\"o:0;\" data-out=\"a:false;\">\n\t\t\t\t\t\t\t<img src=\"\/\/logo-flex.de\/wp-content\/uploads\/2021\/05\/sammelbild_retusche.jpg\" class=\"rev-slidebg tp-rs-img\" data-no-retina alt=\"\" title=\"\">\n\t\t\t\t\t\t\t<rs-bgvideo \n\t\t\t\t\t\t\t\tdata-video=\"w:100%;h:100%;nse:false;l:loopandnoslidestop;ptimer:false;vfc:true;\"\n\t\t\t\t\t\t\t\tdata-mp4=\"\/\/logo-flex.de\/wp-content\/uploads\/2017\/04\/Homepage-Header_1.mp4\"\n\t\t\t\t\t\t\t><\/rs-bgvideo>\n<!--\n\t\t\t\t\t\t\t--><rs-layer\n\t\t\t\t\t\t\t\tid=\"slider-7-slide-7-layer-2\" \n\t\t\t\t\t\t\t\tclass=\"rev-btn rev-withicon\"\n\t\t\t\t\t\t\t\tdata-type=\"button\"\n\t\t\t\t\t\t\t\tdata-color=\"rgba(255,255,255,1)\"\n\t\t\t\t\t\t\t\tdata-xy=\"xo:173px,173px,300px,150px;yo:594px,594px,810px,575px;\"\n\t\t\t\t\t\t\t\tdata-text=\"s:17;l:17;fw:500;a:inherit;\"\n\t\t\t\t\t\t\t\tdata-actions='o:click;a:simplelink;target:_self;url:https:\/\/logo-flex.de\/ueber-uns\/klebetechnik\/?lang=pt-pt;'\n\t\t\t\t\t\t\t\tdata-rsp_bd=\"off\"\n\t\t\t\t\t\t\t\tdata-padding=\"t:12;r:35;b:12;l:35;\"\n\t\t\t\t\t\t\t\tdata-border=\"bor:30px,30px,30px,30px;\"\n\t\t\t\t\t\t\t\tdata-frame_1=\"st:6950;sR:6950;\"\n\t\t\t\t\t\t\t\tdata-frame_999=\"o:0;st:w;sp:1000000;sR:2020;\"\n\t\t\t\t\t\t\t\tdata-frame_hover=\"c:#000;bgc:#fff;boc:#000;bor:30px,30px,30px,30px;bos:solid;oX:50;oY:50;sp:0;e:none;\"\n\t\t\t\t\t\t\t\tstyle=\"z-index:5;background-color:rgba(142,32,122,0.75);font-family:Roboto;cursor:pointer;outline:none;box-shadow:none;box-sizing:border-box;-moz-box-sizing:border-box;-webkit-box-sizing:border-box;\"\n\t\t\t\t\t\t\t>Tecnologia de adesivos<i class=\"fa-chevron-right\"><\/i> \n\t\t\t\t\t\t\t<\/rs-layer><!--\n\n\t\t\t\t\t\t\t--><rs-layer\n\t\t\t\t\t\t\t\tid=\"slider-7-slide-7-layer-3\" \n\t\t\t\t\t\t\t\tclass=\"rev-btn rev-withicon\"\n\t\t\t\t\t\t\t\tdata-type=\"button\"\n\t\t\t\t\t\t\t\tdata-color=\"rgba(255,255,255,1)\"\n\t\t\t\t\t\t\t\tdata-xy=\"x:l,l,l,c;xo:883px,683px,277px,4px;y:t,t,t,m;yo:599px,596px,863px,316px;\"\n\t\t\t\t\t\t\t\tdata-text=\"s:17;l:17;fw:500;a:inherit;\"\n\t\t\t\t\t\t\t\tdata-actions='o:click;a:simplelink;target:_self;url:https:\/\/logo-flex.de\/ueber-uns\/polyurethantechnik\/?lang=pt-pt;'\n\t\t\t\t\t\t\t\tdata-rsp_bd=\"off\"\n\t\t\t\t\t\t\t\tdata-padding=\"t:12;r:35;b:12;l:35;\"\n\t\t\t\t\t\t\t\tdata-border=\"bor:30px,30px,30px,30px;\"\n\t\t\t\t\t\t\t\tdata-frame_1=\"st:6970;sR:6970;\"\n\t\t\t\t\t\t\t\tdata-frame_999=\"o:0;st:w;sp:10000;sR:2000;\"\n\t\t\t\t\t\t\t\tdata-frame_hover=\"c:#000;bgc:#fff;boc:#000;bor:30px,30px,30px,30px;bos:solid;oX:50;oY:50;sp:0;e:none;\"\n\t\t\t\t\t\t\t\tstyle=\"z-index:6;background-color:rgba(142,32,122,0.75);font-family:Roboto;cursor:pointer;outline:none;box-shadow:none;box-sizing:border-box;-moz-box-sizing:border-box;-webkit-box-sizing:border-box;\"\n\t\t\t\t\t\t\t>Tecnologia de poliuretano<i class=\"fa-chevron-right\"><\/i> \n\t\t\t\t\t\t\t<\/rs-layer><!--\n\n\t\t\t\t\t\t\t--><rs-layer\n\t\t\t\t\t\t\t\tid=\"slider-7-slide-7-layer-4\" \n\t\t\t\t\t\t\t\tclass=\"rev-scroll-btn\"\n\t\t\t\t\t\t\t\tdata-type=\"button\"\n\t\t\t\t\t\t\t\tdata-xy=\"x:c;xo:0,0,3px,7px;yo:589px,589px,736px,471px;\"\n\t\t\t\t\t\t\t\tdata-text=\"fw:300;a:inherit;\"\n\t\t\t\t\t\t\t\tdata-dim=\"w:35px;h:55px;\"\n\t\t\t\t\t\t\t\tdata-actions='o:click;a:scrollbelow;offset:-50;sp:700;e:none;'\n\t\t\t\t\t\t\t\tdata-rsp_bd=\"off\"\n\t\t\t\t\t\t\t\tdata-border=\"bos:solid;boc:rgb(255, 255, 255);bow:3px,3px,3px,3px;bor:23px,23px,23px,23px;\"\n\t\t\t\t\t\t\t\tdata-frame_1=\"st:6980;sR:6980;\"\n\t\t\t\t\t\t\t\tdata-frame_999=\"o:0;st:w;sp:100000;sR:1990;\"\n\t\t\t\t\t\t\t\tstyle=\"z-index:7;background-color:rgba(0,0,0,0);font-family:Open Sans;cursor:pointer;box-sizing:border-box;-moz-box-sizing:border-box;-webkit-box-sizing:border-box;\"\n\t\t\t\t\t\t\t>\t\t\t\t\t\t\t\n\t\t\t\t\t\t\t<span>\n\t\t\t\t\t\t\t<\/span>\t\t\t\t\t\t\t\n\t\t\t\t\t\t \n\t\t\t\t\t\t\t<\/rs-layer><!--\n-->\t\t\t\t\t\t<\/rs-slide>\n\t\t\t\t\t<\/rs-slides>\n\t\t\t\t<\/rs-module>\n\t\t\t\t<script type=\"text\/javascript\">\n\t\t\t\t\tsetREVStartSize({c: 'rev_slider_7_1',rl:[1240,1024,778,480],el:[696.997,768,960,720],gw:[1240,1024,778,480],gh:[697,768,960,720],type:'hero',justify:'',layout:'fullscreen',offsetContainer:'',offset:'',mh:\"0\"});\n\t\t\t\t\tvar\trevapi7,\n\t\t\t\t\t\ttpj;\n\t\t\t\t\tfunction revinit_revslider71() {\n\t\t\t\t\tjQuery(function() {\n\t\t\t\t\t\ttpj = jQuery;\n\t\t\t\t\t\trevapi7 = tpj(\"#rev_slider_7_1\");\n\t\t\t\t\t\tif(revapi7==undefined || revapi7.revolution == undefined){\n\t\t\t\t\t\t\trevslider_showDoubleJqueryError(\"rev_slider_7_1\");\n\t\t\t\t\t\t}else{\n\t\t\t\t\t\t\trevapi7.revolution({\n\t\t\t\t\t\t\t\tsliderType:\"hero\",\n\t\t\t\t\t\t\t\tDPR:\"dpr\",\n\t\t\t\t\t\t\t\tsliderLayout:\"fullscreen\",\n\t\t\t\t\t\t\t\tvisibilityLevels:\"1240,1024,778,480\",\n\t\t\t\t\t\t\t\tgridwidth:\"1240,1024,778,480\",\n\t\t\t\t\t\t\t\tgridheight:\"697,768,960,720\",\n\t\t\t\t\t\t\t\tperspective:600,\n\t\t\t\t\t\t\t\tperspectiveType:\"local\",\n\t\t\t\t\t\t\t\teditorheight:\"696.997,768,960,720\",\n\t\t\t\t\t\t\t\tresponsiveLevels:\"1240,1024,778,480\",\n\t\t\t\t\t\t\t\tprogressBar:{disableProgressBar:true},\n\t\t\t\t\t\t\t\tnavigation: {\n\t\t\t\t\t\t\t\t\tonHoverStop:false\n\t\t\t\t\t\t\t\t},\n\t\t\t\t\t\t\t\tfallbacks: {\n\t\t\t\t\t\t\t\t\tallowHTML5AutoPlayOnAndroid:true\n\t\t\t\t\t\t\t\t},\n\t\t\t\t\t\t\t});\n\t\t\t\t\t\t}\n\t\t\t\t\t\t\n\t\t\t\t\t});\n\t\t\t\t\t} \/\/ End of RevInitScript\n\t\t\t\tvar once_revslider71 = false;\n\t\t\t\tif (document.readyState === \"loading\") {document.addEventListener('readystatechange',function() { if((document.readyState === \"interactive\" || document.readyState === \"complete\") && !once_revslider71 ) { once_revslider71 = true; revinit_revslider71();}});} else {once_revslider71 = true; revinit_revslider71();}\n\t\t\t\t<\/script>\n\t\t\t\t<script>\n\t\t\t\t\tvar htmlDivCss = unescape(\".special-video%20.tp-video-layer%2C%0A.special-video%20.rs-background-video-layer%20%7Bopacity%3A%200%20%21important%7D%0A.special-video%20.vid-is-ready%20.tp-video-layer%2C%0A.special-video%20.vid-is-ready%20.rs-background-video-layer%20%7Bopacity%3A%201%20%21important%7D%0A.show-the-preloader%20.tp-loader%20%7Bdisplay%3A%20block%20%21important%7D\");\n\t\t\t\t\tvar htmlDiv = document.getElementById('rs-plugin-settings-inline-css');\n\t\t\t\t\tif(htmlDiv) {\n\t\t\t\t\t\thtmlDiv.innerHTML = htmlDiv.innerHTML + htmlDivCss;\n\t\t\t\t\t}else{\n\t\t\t\t\t\tvar htmlDiv = document.createElement('div');\n\t\t\t\t\t\thtmlDiv.innerHTML = '<style>' + htmlDivCss + '<\/style>';\n\t\t\t\t\t\tdocument.getElementsByTagName('head')[0].appendChild(htmlDiv.childNodes[0]);\n\t\t\t\t\t}\n\t\t\t\t<\/script>\n\t\t\t<\/rs-module-wrap>\n\t\t\t<!-- END REVOLUTION SLIDER -->\n<\/div>\n<div id='small_head'  class='avia-section main_color avia-section-default avia-no-border-styling  avia-bg-style-scroll  avia-builder-el-1  el_after_av_revolutionslider  el_before_av_two_third   av-minimum-height av-minimum-height-custom  container_wrap sidebar_right' style='background-color: #ffffff;  '  ><div class='container' style='height:500px'><div class='template-page content  av-content-small alpha units'><div class='post-entry post-entry-type-page post-entry-5186'><div class='entry-content-wrapper clearfix'>\n<div class=\"flex_column av_one_third  av-animated-generic left-to-right  flex_column_div av-zero-column-padding first  avia-builder-el-2  el_before_av_one_third  avia-builder-el-first  \" style='border-radius:0px; '><article  class=\"iconbox iconbox_top main_color    avia-builder-el-3  avia-builder-el-no-sibling  \" ><div class=\"iconbox_content\"><header class=\"entry-content-header\"><div class=\"iconbox_icon heading-color\" aria-hidden='true' data-av_icon='\ue80b' data-av_iconfont='entypo-fontello'  ><\/div><h3 class='iconbox_content_title  '  >Sobre N\u00f3s<\/h3><\/header><div class='iconbox_content_container  '  ><p style=\"text-align: center;\">No centro da nossa atua\u00e7\u00e3o est\u00e3o os nossos clientes. As solu\u00e7\u00f5es feitas por medida ao mais alto n\u00edvel est\u00e3o no foco da atividade empresarial.<\/p>\n<div  class='avia-button-wrap avia-button-center  avia-builder-el-4  avia-builder-el-no-sibling ' ><a href='ueber-uns?lang=pt-pt'  class='avia-button  avia-color-theme-color   avia-icon_select-no avia-size-small avia-position-center '   ><span class='avia_iconbox_title' >Saber mais<\/span><\/a><\/div>\n<\/div><\/div><footer class=\"entry-footer\"><\/footer><\/article><\/div><div class=\"flex_column av_one_third  av-animated-generic bottom-to-top  flex_column_div av-zero-column-padding   avia-builder-el-5  el_after_av_one_third  el_before_av_one_third  \" style='border-radius:0px; '><article  class=\"iconbox iconbox_top main_color    avia-builder-el-6  avia-builder-el-no-sibling  \" ><div class=\"iconbox_content\"><header class=\"entry-content-header\"><div class=\"iconbox_icon heading-color\" aria-hidden='true' data-av_icon='\ue929' data-av_iconfont='entypo-fontello'  ><\/div><h3 class='iconbox_content_title  '  >Tecnologia de Adesivos<\/h3><\/header><div class='iconbox_content_container  '  ><p style=\"text-align: center;\">Maquinarias modernas e mat\u00e9rias-primas de primeira classe, em conjunto com f\u00f3rmulas de colagem e processos de fabrico inovadores constituem a base do nosso sortido abrangente de fitas adesivas.<\/p>\n<div  class='avia-button-wrap avia-button-center  avia-builder-el-7  avia-builder-el-no-sibling ' ><a href='klebetechnik?lang=pt-pt'  class='avia-button  avia-color-theme-color   avia-icon_select-no avia-size-small avia-position-center '   ><span class='avia_iconbox_title' >Saber mais<\/span><\/a><\/div>\n<\/div><\/div><footer class=\"entry-footer\"><\/footer><\/article><\/div><div class=\"flex_column av_one_third  av-animated-generic right-to-left  flex_column_div av-zero-column-padding   avia-builder-el-8  el_after_av_one_third  avia-builder-el-last  \" style='border-radius:0px; '><article  class=\"iconbox iconbox_top main_color    avia-builder-el-9  avia-builder-el-no-sibling  \" ><div class=\"iconbox_content\"><header class=\"entry-content-header\"><div class=\"iconbox_icon heading-color\" aria-hidden='true' data-av_icon='\ue811' data-av_iconfont='entypo-fontello'  ><\/div><h3 class='iconbox_content_title  '  >Tecnologia de Poliuretano<\/h3><\/header><div class='iconbox_content_container  '  ><p style=\"text-align: center;\">Os amortecedores el\u00e1sticos autocolantes s\u00e3o fabricados em poliuretano com a m\u00e1xima qualidade.\u00a0Estes permitem garantir a resist\u00eancia a raios UV e uma elevada resist\u00eancia a deslizamentos e fric\u00e7\u00e3o.<\/p>\n<div  class='avia-button-wrap avia-button-center  avia-builder-el-10  avia-builder-el-no-sibling ' ><a href='polyurethantechnik?lang=pt-pt'  class='avia-button  avia-color-theme-color   avia-icon_select-no avia-size-small avia-position-center '   ><span class='avia_iconbox_title' >Saber mais<\/span><\/a><\/div>\n<\/div><\/div><footer class=\"entry-footer\"><\/footer><\/article><\/div>\n<\/div><\/div><\/div><!-- close content main div --><\/div><\/div><div id='after_section_1'  class='main_color av_default_container_wrap container_wrap sidebar_right' style=' '  ><div class='container' ><div class='template-page content  av-content-small alpha units'><div class='post-entry post-entry-type-page post-entry-5186'><div class='entry-content-wrapper clearfix'>\n<div class=\"flex_column av_two_third  flex_column_div av-zero-column-padding first  avia-builder-el-11  el_after_av_section  el_before_av_one_third  avia-builder-el-first  \" style='border-radius:0px; '><section class=\"av_textblock_section \" ><div class='avia_textblock  '  ><h4 style=\"margin-bottom: 10px;\">Nosso filme imagem &#8211; Conhe\u00e7a-nos<\/h4>\n<\/div><\/section><br \/>\n<div  class='avia-video avia-video-16-9   av-lazyload-immediate  av-lazyload-video-embed  '   data-original_url='https:\/\/vimeo.com\/214839729' ><script type='text\/html' class='av-video-tmpl'><div class='avia-iframe-wrap'><iframe src=\"https:\/\/player.vimeo.com\/video\/214839729?autoplay=0&loop=0&controls=1&muted=0\" width=\"1500\" height=\"844\" frameborder=\"0\" title=\"Imagefilm Logo-Flex\" webkitallowfullscreen mozallowfullscreen allowfullscreen><\/iframe><\/div><\/script><div class='av-click-to-play-overlay'><div class=\"avia_playpause_icon\"><\/div><\/div><\/div><\/p><\/div><div class=\"flex_column av_one_third  flex_column_div av-zero-column-padding   avia-builder-el-14  el_after_av_two_third  el_before_av_section  avia-builder-el-last  \" style='border-radius:0px; '><section class=\"av_textblock_section \" ><div class='avia_textblock  '  ><h4 style=\"margin-bottom: 10px;\">Registar para receber a Newsletter<\/h4>\n<\/div><\/section><br \/>\n<form action=\"https:\/\/logo-flex.de\/pt-pt\/\" method=\"post\"  data-av-custom-send='mailchimp_send' class=\"avia_ajax_form av-form-labels-visible   avia-builder-el-16  el_after_av_textblock  avia-builder-el-last   avia-mailchimp-form \" data-avia-form-id=\"1\" data-avia-redirect='' ><fieldset><p class='  first_form  form_element form_fullwidth' id='element_avia_3_1'><label for=\"avia_3_1\">Firma<\/label> <input name=\"avia_3_1\" class=\"text_input \" type=\"text\" id=\"avia_3_1\" value=\"\" \/><\/p><p class='  first_form  form_element form_fullwidth' id='element_avia_0_1'><label for=\"avia_0_1\">Email Address <abbr class=\"required\" title=\"required\">*<\/abbr><\/label> <input name=\"avia_0_1\" class=\"text_input is_email\" type=\"text\" id=\"avia_0_1\" value=\"\" \/><\/p><p class='  first_form  form_element form_fullwidth' id='element_avia_1_1'><label for=\"avia_1_1\">First Name <abbr class=\"required\" title=\"required\">*<\/abbr><\/label> <input name=\"avia_1_1\" class=\"text_input is_empty\" type=\"text\" id=\"avia_1_1\" value=\"\" \/><\/p><p class='  first_form  form_element form_fullwidth' id='element_avia_2_1'><label for=\"avia_2_1\">Last Name <abbr class=\"required\" title=\"required\">*<\/abbr><\/label> <input name=\"avia_2_1\" class=\"text_input is_empty\" type=\"text\" id=\"avia_2_1\" value=\"\" \/><\/p><p class='av_form_privacy_check av_mailchimp_privacy_check first_form  form_element form_fullwidth' id='element_avia_av_privacy_agreement_1'>    <input  name=\"avia_av_privacy_agreement_1\" class=\"input_checkbox is_empty\" type=\"checkbox\" id=\"avia_av_privacy_agreement_1\" value=\"true\"\/><label class=\"input_checkbox_label\" for=\"avia_av_privacy_agreement_1\">I agree to the terms and conditions laid out in the <a href='https:\/\/logo-flex.de\/datenschutzbelehrung\/' target='_blank' rel=\"noopener\">Privacy Policy<\/a> <abbr class=\"required\" title=\"required\">*<\/abbr><\/label><\/p><p class=\"form_element  first_form  form_element form_fullwidth av-last-visible-form-element modified_width\"><input type=\"hidden\" value=\"1\" name=\"avia_generated_form1\" \/><input type=\"submit\" value=\"Abonnieren\" class=\"button\"  data-sending-label=\"Sending\"\/><\/p><p class=\"hidden\"><input type=\"text\" name=\"avia_avia_username_1\" class=\"hidden \" id=\"avia_avia_username_1\" value=\"\" \/><\/p><\/fieldset><\/form><div id=\"ajaxresponse_1\" class=\"ajaxresponse ajaxresponse_1 hidden\"><\/div><\/p><\/div><\/p>\n<\/div><\/div><\/div><!-- close content main div --><\/div><\/div><div id='av_section_2'  class='avia-section main_color avia-section-default avia-no-border-styling  av-parallax-section avia-bg-style-parallax  avia-builder-el-17  el_after_av_one_third  avia-builder-el-last  blogwhite  av-minimum-height av-minimum-height-custom  container_wrap sidebar_right' style='background-color: #ffffff;  '  data-section-bg-repeat='no-repeat'><div class='av-parallax' data-avia-parallax-ratio='0.3' ><div class='av-parallax-inner main_color  avia-full-stretch' style = 'background-color: #ffffff; background-repeat: no-repeat; background-image: url(https:\/\/logo-flex.de\/wp-content\/uploads\/2013\/04\/blog_bg.jpg);background-attachment: scroll; background-position: center center; ' ><\/div><\/div><div class='container' style='height:300px'><div class='template-page content  av-content-small alpha units'><div class='post-entry post-entry-type-page post-entry-5186'><div class='entry-content-wrapper clearfix'>\n<div class=\"flex_column av_one_full  flex_column_div av-zero-column-padding first  avia-builder-el-18  avia-builder-el-no-sibling  \" style='border-radius:0px; '><p><div  style='padding-bottom:20px; color:#ffffff;font-size:26px;' class='av-special-heading av-special-heading-h3 custom-color-heading blockquote modern-quote  avia-builder-el-19  el_before_av_blog  avia-builder-el-first  av-inherit-size '><h3 class='av-special-heading-tag '  >News<\/h3><div class='special-heading-border'><div class='special-heading-inner-border' style='border-color:#ffffff'><\/div><\/div><\/div><br \/>\n<div   data-autoplay=''  data-interval='5'  data-animation='fade'  data-show_slide_delay='90'  class='avia-content-slider avia-content-grid-active avia-content-slider1 avia-content-slider-odd  avia-builder-el-20  el_after_av_heading  avia-builder-el-last  blogwhite ' ><div class='avia-content-slider-inner'><div class='slide-entry-wrap'><article class='slide-entry flex_column  post-entry post-entry-8311 slide-entry-overview slide-loop-1 slide-parity-odd  av_one_third first real-thumbnail post-format-standard' ><a href='https:\/\/logo-flex.de\/pt-pt\/ring-pads-para-o-fabrico-de-copos\/' data-rel='slide-1' class='slide-image' title='Ring Pads para o fabrico de copos'><img width=\"495\" height=\"400\" src=\"https:\/\/logo-flex.de\/wp-content\/uploads\/2021\/06\/optic-rings-2-1-495x400.jpg\" class=\"wp-image-8237 avia-img-lazy-loading-not-8237 attachment-portfolio size-portfolio wp-post-image\" alt=\"\" srcset=\"https:\/\/logo-flex.de\/wp-content\/uploads\/2021\/06\/optic-rings-2-1-495x400.jpg 495w, https:\/\/logo-flex.de\/wp-content\/uploads\/2021\/06\/optic-rings-2-1-845x684.jpg 845w\" sizes=\"(max-width: 495px) 100vw, 495px\" title=\"\"><\/a><div class='slide-content'><header class=\"entry-content-header\"><h3 class='slide-entry-title entry-title ' ><a href='https:\/\/logo-flex.de\/pt-pt\/ring-pads-para-o-fabrico-de-copos\/' title='Ring Pads para o fabrico de copos'>Ring Pads para o fabrico de copos<\/a><\/h3><span class=\"av-vertical-delimiter\"><\/span><\/header><\/div><footer class=\"entry-footer\"><\/footer><\/article><article class='slide-entry flex_column  post-entry post-entry-7377 slide-entry-overview slide-loop-2 slide-parity-even  av_one_third  real-thumbnail post-format-standard' ><a href='https:\/\/logo-flex.de\/pt-pt\/new-bumper-technologies\/' data-rel='slide-1' class='slide-image' title='Nova tecnologia de produ\u00e7\u00e3o de amortecedores &#8221; Crystal Clear&#8221;'><img width=\"495\" height=\"400\" src=\"https:\/\/logo-flex.de\/wp-content\/uploads\/2021\/04\/plate-495x400.jpg\" class=\"wp-image-7410 avia-img-lazy-loading-not-7410 attachment-portfolio size-portfolio wp-post-image\" alt=\"Crystal Clear\" srcset=\"https:\/\/logo-flex.de\/wp-content\/uploads\/2021\/04\/plate-495x400.jpg 495w, https:\/\/logo-flex.de\/wp-content\/uploads\/2021\/04\/plate-845x684.jpg 845w\" sizes=\"(max-width: 495px) 100vw, 495px\" title=\"\"><\/a><div class='slide-content'><header class=\"entry-content-header\"><h3 class='slide-entry-title entry-title ' ><a href='https:\/\/logo-flex.de\/pt-pt\/new-bumper-technologies\/' title='Nova tecnologia de produ\u00e7\u00e3o de amortecedores &#8221; Crystal Clear&#8221;'>Nova tecnologia de produ\u00e7\u00e3o de amortecedores &#8221; Crystal Clear&#8221;<\/a><\/h3><span class=\"av-vertical-delimiter\"><\/span><\/header><\/div><footer class=\"entry-footer\"><\/footer><\/article><article class='slide-entry flex_column  post-entry post-entry-8157 slide-entry-overview slide-loop-3 slide-parity-odd  post-entry-last  av_one_third  real-thumbnail post-format-standard' ><a href='https:\/\/logo-flex.de\/pt-pt\/covid-19\/' data-rel='slide-1' class='slide-image' title='Caros parceiros de neg\u00f3cios, juntos, superaremos o COVID-19!'><img width=\"495\" height=\"400\" src=\"https:\/\/logo-flex.de\/wp-content\/uploads\/2021\/03\/corona-3-495x400.jpg\" class=\"wp-image-7355 avia-img-lazy-loading-not-7355 attachment-portfolio size-portfolio wp-post-image\" alt=\"Gemeinsam werden wir die COVID-19-Pandemie \u00fcberwinden!\" title=\"\"><\/a><div class='slide-content'><header class=\"entry-content-header\"><h3 class='slide-entry-title entry-title ' ><a href='https:\/\/logo-flex.de\/pt-pt\/covid-19\/' title='Caros parceiros de neg\u00f3cios, juntos, superaremos o COVID-19!'>Caros parceiros de neg\u00f3cios, juntos, superaremos o COVID-19!<\/a><\/h3><span class=\"av-vertical-delimiter\"><\/span><\/header><\/div><footer class=\"entry-footer\"><\/footer><\/article><\/div><\/div><\/div><\/p><\/div>\n<\/div><\/div><\/div><!-- close content main div --><\/div><\/div><div id='after_section_2'  class='main_color av_default_container_wrap container_wrap sidebar_right' style=' '  ><div class='container' ><div class='template-page content  av-content-small alpha units'><div class='post-entry post-entry-type-page post-entry-5186'><div class='entry-content-wrapper clearfix'>\n","protected":false},"excerpt":{"rendered":"<p>This is a Page excerpt. It will be displayed for search results<\/p>\n","protected":false},"author":4,"featured_media":5355,"parent":0,"menu_order":0,"comment_status":"open","ping_status":"closed","template":"","meta":[],"_links":{"self":[{"href":"https:\/\/logo-flex.de\/pt-pt\/wp-json\/wp\/v2\/pages\/5186"}],"collection":[{"href":"https:\/\/logo-flex.de\/pt-pt\/wp-json\/wp\/v2\/pages"}],"about":[{"href":"https:\/\/logo-flex.de\/pt-pt\/wp-json\/wp\/v2\/types\/page"}],"author":[{"embeddable":true,"href":"https:\/\/logo-flex.de\/pt-pt\/wp-json\/wp\/v2\/users\/4"}],"replies":[{"embeddable":true,"href":"https:\/\/logo-flex.de\/pt-pt\/wp-json\/wp\/v2\/comments?post=5186"}],"version-history":[{"count":0,"href":"https:\/\/logo-flex.de\/pt-pt\/wp-json\/wp\/v2\/pages\/5186\/revisions"}],"wp:featuredmedia":[{"embeddable":true,"href":"https:\/\/logo-flex.de\/pt-pt\/wp-json\/wp\/v2\/media\/5355"}],"wp:attachment":[{"href":"https:\/\/logo-flex.de\/pt-pt\/wp-json\/wp\/v2\/media?parent=5186"}],"curies":[{"name":"wp","href":"https:\/\/api.w.org\/{rel}","templated":true}]}}