{"id":5947,"date":"2017-04-10T23:18:38","date_gmt":"2017-04-10T21:18:38","guid":{"rendered":"http:\/\/logo-flex.de\/?page_id=5947"},"modified":"2017-07-10T13:12:43","modified_gmt":"2017-07-10T11:12:43","slug":"nastri-monoadesivi-e-prodotti-speciali","status":"publish","type":"page","link":"https:\/\/logo-flex.de\/it\/prodotti\/bumper\/nastri-monoadesivi-e-prodotti-speciali\/","title":{"rendered":"Nastri monoadesivi e prodotti speciali"},"content":{"rendered":"<div class=\"flex_column av_one_full  flex_column_div av-zero-column-padding first  avia-builder-el-0  el_before_av_section  avia-builder-el-no-sibling  \" style='border-radius:0px; '><div  style='padding-bottom:8px; color:#000000;font-size:40px;' class='av-special-heading av-special-heading-h3 custom-color-heading blockquote modern-quote modern-centered  avia-builder-el-1  avia-builder-el-no-sibling  av-inherit-size '><h3 class='av-special-heading-tag '  >Nastri monoadesivi e prodotti speciali<\/h3><div class='special-heading-border'><div class='special-heading-inner-border' style='border-color:#000000'><\/div><\/div><\/div><\/div>\n<\/div><\/div><\/div><!-- close content main div --><\/div><\/div><div id='av_section_1'  class='avia-section main_color avia-section-small avia-no-shadow  avia-bg-style-scroll  avia-builder-el-2  el_after_av_one_full  el_before_av_section   container_wrap sidebar_right' style=' '  ><div class='container' ><div class='template-page content  av-content-small alpha units'><div class='post-entry post-entry-type-page post-entry-5947'><div class='entry-content-wrapper clearfix'>\n<div class='flex_column_table av-equal-height-column-flextable -flextable' ><div class=\"flex_column av_one_third  flex_column_table_cell av-equal-height-column av-align-middle av-zero-column-padding first  avia-builder-el-3  el_before_av_two_third  avia-builder-el-first  \" style='border-radius:0px; '><p><div  style='padding-bottom:8px; color:#000000;font-size:40px;' class='av-special-heading av-special-heading-h3 custom-color-heading blockquote modern-quote  avia-builder-el-4  el_before_av_textblock  avia-builder-el-first  av-inherit-size '><h3 class='av-special-heading-tag '  >LOGO TAPE 999<\/h3><div class='special-heading-border'><div class='special-heading-inner-border' style='border-color:#000000'><\/div><\/div><\/div><br \/>\n<section class=\"av_textblock_section \" ><div class='avia_textblock  '  ><p>LOGO TAPE 999 \u00e8 un nastro detergente per macchine da stampa a tampone. Grazie al particolare rivestimento superficiale il nastro \u00e8 in grado di assorbire pi\u00f9 inchiostro rispetto ad altri prodotti convenzionali.<br \/>\nIl nastro \u00e8 disponibile su un nucleo da 1\u2033 o 3\u2033 su rotoli di diverse lunghezze e larghezze, in base alle vostre esigenze.<\/p>\n<\/div><\/section><\/p><\/div><div class='av-flex-placeholder'><\/div><div class=\"flex_column av_two_third  flex_column_table_cell av-equal-height-column av-align-middle av-zero-column-padding   avia-builder-el-6  el_after_av_one_third  avia-builder-el-last  \" style='border-radius:0px; '><div  class='avia-image-container  av-styling-    avia-builder-el-7  avia-builder-el-no-sibling  avia-align-center '  ><div class='avia-image-container-inner'><div class='avia-image-overlay-wrap'><img class=\"wp-image-5790 avia-img-lazy-loading-not-5790 avia_image\" src=\"https:\/\/logo-flex.de\/wp-content\/uploads\/2017\/04\/IMG_8794-2.png\" alt=\"\" title=\"IMG_8794\" height=\"1280\" width=\"1920\" srcset=\"https:\/\/logo-flex.de\/wp-content\/uploads\/2017\/04\/IMG_8794-2.png 1920w, https:\/\/logo-flex.de\/wp-content\/uploads\/2017\/04\/IMG_8794-2-300x200.png 300w, https:\/\/logo-flex.de\/wp-content\/uploads\/2017\/04\/IMG_8794-2-768x512.png 768w, https:\/\/logo-flex.de\/wp-content\/uploads\/2017\/04\/IMG_8794-2-1030x687.png 1030w, https:\/\/logo-flex.de\/wp-content\/uploads\/2017\/04\/IMG_8794-2-1500x1000.png 1500w, https:\/\/logo-flex.de\/wp-content\/uploads\/2017\/04\/IMG_8794-2-705x470.png 705w, https:\/\/logo-flex.de\/wp-content\/uploads\/2017\/04\/IMG_8794-2-450x300.png 450w\" sizes=\"(max-width: 1920px) 100vw, 1920px\"><\/div><\/div><\/div><\/div><\/div><!--close column table wrapper. Autoclose: 1 -->\n\n<\/div><\/div><\/div><!-- close content main div --><\/div><\/div><div id='av_section_2'  class='avia-section main_color avia-section-small avia-no-shadow  avia-bg-style-scroll  avia-builder-el-8  el_after_av_section  el_before_av_section   container_wrap sidebar_right' style=' '  ><div class='container' ><div class='template-page content  av-content-small alpha units'><div class='post-entry post-entry-type-page post-entry-5947'><div class='entry-content-wrapper clearfix'>\n<div class='flex_column_table av-equal-height-column-flextable -flextable' ><div class=\"flex_column av_two_third  flex_column_table_cell av-equal-height-column av-align-middle av-zero-column-padding first  avia-builder-el-9  el_before_av_one_third  avia-builder-el-first  \" style='border-radius:0px; '><div  class='avia-image-container  av-styling-    avia-builder-el-10  avia-builder-el-no-sibling  avia-align-center '  ><div class='avia-image-container-inner'><div class='avia-image-overlay-wrap'><img class=\"wp-image-5721 avia-img-lazy-loading-not-5721 avia_image\" src=\"https:\/\/logo-flex.de\/wp-content\/uploads\/2017\/04\/IMG_8793.-1.jpg\" alt=\"\" title=\"IMG_8793.\" height=\"1280\" width=\"1920\" srcset=\"https:\/\/logo-flex.de\/wp-content\/uploads\/2017\/04\/IMG_8793.-1.jpg 1920w, https:\/\/logo-flex.de\/wp-content\/uploads\/2017\/04\/IMG_8793.-1-300x200.jpg 300w, https:\/\/logo-flex.de\/wp-content\/uploads\/2017\/04\/IMG_8793.-1-768x512.jpg 768w, https:\/\/logo-flex.de\/wp-content\/uploads\/2017\/04\/IMG_8793.-1-1030x687.jpg 1030w, https:\/\/logo-flex.de\/wp-content\/uploads\/2017\/04\/IMG_8793.-1-1500x1000.jpg 1500w, https:\/\/logo-flex.de\/wp-content\/uploads\/2017\/04\/IMG_8793.-1-705x470.jpg 705w, https:\/\/logo-flex.de\/wp-content\/uploads\/2017\/04\/IMG_8793.-1-450x300.jpg 450w\" sizes=\"(max-width: 1920px) 100vw, 1920px\"><\/div><\/div><\/div><\/div><div class='av-flex-placeholder'><\/div><div class=\"flex_column av_one_third  flex_column_table_cell av-equal-height-column av-align-middle av-zero-column-padding   avia-builder-el-11  el_after_av_two_third  avia-builder-el-last  \" style='border-radius:0px; '><p><div  style='padding-bottom:8px; color:#000000;font-size:40px;' class='av-special-heading av-special-heading-h3 custom-color-heading blockquote modern-quote  avia-builder-el-12  el_before_av_textblock  avia-builder-el-first  av-inherit-size '><h3 class='av-special-heading-tag '  >LOGO TAPE 555<\/h3><div class='special-heading-border'><div class='special-heading-inner-border' style='border-color:#000000'><\/div><\/div><\/div><br \/>\n<section class=\"av_textblock_section \" ><div class='avia_textblock  '  ><p>LOGO TAPE 555 \u00e8 il nostro nuovo nastro detergente per tamponi PREMIUM GRADE.<br \/>\nLa particolare struttura a pellicola garantisce un lavoro professionale sulla vostra macchina da stampa a tampone. <a href=\"https:\/\/www.logo-flex.de\/English\/pdf\/555%20E.pdf\" target=\"_blank\" rel=\"noopener noreferrer\"><img loading=\"lazy\" class=\"alignnone\" src=\"https:\/\/logo-flex.de\/produkte_images\/images\/pdficon_small.gif\" alt=\"LOGO TAPE 555 Tampon Reinigungsband\" width=\"17\" height=\"17\" title=\"\"><\/a><\/p>\n<\/div><\/section><\/p><\/div><\/div><!--close column table wrapper. Autoclose: 1 --><\/div><\/div><\/div><!-- close content main div --><\/div><\/div><div id='av_section_3'  class='avia-section main_color avia-section-small avia-no-shadow  avia-bg-style-scroll  avia-builder-el-14  el_after_av_section  el_before_av_section   container_wrap sidebar_right' style=' '  ><div class='container' ><div class='template-page content  av-content-small alpha units'><div class='post-entry post-entry-type-page post-entry-5947'><div class='entry-content-wrapper clearfix'>\n<div class='flex_column_table av-equal-height-column-flextable -flextable' ><div class=\"flex_column av_one_third  flex_column_table_cell av-equal-height-column av-align-middle av-zero-column-padding first  avia-builder-el-15  el_before_av_two_third  avia-builder-el-first  \" style='border-radius:0px; '><p><div  style='padding-bottom:8px; color:#000000;font-size:40px;' class='av-special-heading av-special-heading-h3 custom-color-heading blockquote modern-quote  avia-builder-el-16  el_before_av_textblock  avia-builder-el-first  av-inherit-size '><h3 class='av-special-heading-tag '  >LOGO TAPE 982<\/h3><div class='special-heading-border'><div class='special-heading-inner-border' style='border-color:#000000'><\/div><\/div><\/div><br \/>\n<section class=\"av_textblock_section \" ><div class='avia_textblock  '  ><p>Il nastro adesivo in silicone LOGO TAPE 982 (monoadesivo), grazie alla sua elevata resistenza alla temperatura, viene impiegato p. es. nell\u2019industria elettronica e automobilistica. Inoltre, \u00e8 adatto per unire carta siliconata, fogli metallici, carte rivestite, gomma, schiume ecc.<\/p>\n<\/div><\/section><\/p><\/div><div class='av-flex-placeholder'><\/div><div class=\"flex_column av_two_third  flex_column_table_cell av-equal-height-column av-align-middle av-zero-column-padding   avia-builder-el-18  el_after_av_one_third  avia-builder-el-last  \" style='border-radius:0px; '><div  class='avia-image-container  av-styling-    avia-builder-el-19  avia-builder-el-no-sibling  avia-align-center '  ><div class='avia-image-container-inner'><div class='avia-image-overlay-wrap'><img class=\"wp-image-5727 avia-img-lazy-loading-not-5727 avia_image\" src=\"https:\/\/logo-flex.de\/wp-content\/uploads\/2017\/04\/IMG_8805-2.jpg\" alt=\"\" title=\"IMG_8805\" height=\"1280\" width=\"1920\" srcset=\"https:\/\/logo-flex.de\/wp-content\/uploads\/2017\/04\/IMG_8805-2.jpg 1920w, https:\/\/logo-flex.de\/wp-content\/uploads\/2017\/04\/IMG_8805-2-300x200.jpg 300w, https:\/\/logo-flex.de\/wp-content\/uploads\/2017\/04\/IMG_8805-2-768x512.jpg 768w, https:\/\/logo-flex.de\/wp-content\/uploads\/2017\/04\/IMG_8805-2-1030x687.jpg 1030w, https:\/\/logo-flex.de\/wp-content\/uploads\/2017\/04\/IMG_8805-2-1500x1000.jpg 1500w, https:\/\/logo-flex.de\/wp-content\/uploads\/2017\/04\/IMG_8805-2-705x470.jpg 705w, https:\/\/logo-flex.de\/wp-content\/uploads\/2017\/04\/IMG_8805-2-450x300.jpg 450w\" sizes=\"(max-width: 1920px) 100vw, 1920px\"><\/div><\/div><\/div><\/div><\/div><!--close column table wrapper. Autoclose: 1 -->\n<\/p>\n<\/div><\/div><\/div><!-- close content main div --><\/div><\/div><div id='av_section_4'  class='avia-section main_color avia-section-small avia-no-shadow  avia-bg-style-scroll  avia-builder-el-20  el_after_av_section  el_before_av_section   container_wrap sidebar_right' style=' '  ><div class='container' ><div class='template-page content  av-content-small alpha units'><div class='post-entry post-entry-type-page post-entry-5947'><div class='entry-content-wrapper clearfix'>\n<div class='flex_column_table av-equal-height-column-flextable -flextable' ><div class=\"flex_column av_two_third  flex_column_table_cell av-equal-height-column av-align-middle av-zero-column-padding first  avia-builder-el-21  el_before_av_one_third  avia-builder-el-first  \" style='border-radius:0px; '><div  class='avia-image-container  av-styling-    avia-builder-el-22  avia-builder-el-no-sibling  avia-align-center '  ><div class='avia-image-container-inner'><div class='avia-image-overlay-wrap'><img class=\"wp-image-5725 avia-img-lazy-loading-not-5725 avia_image\" src=\"https:\/\/logo-flex.de\/wp-content\/uploads\/2017\/04\/IMG_8803-1.jpg\" alt=\"\" title=\"IMG_8803\" height=\"1280\" width=\"1920\" srcset=\"https:\/\/logo-flex.de\/wp-content\/uploads\/2017\/04\/IMG_8803-1.jpg 1920w, https:\/\/logo-flex.de\/wp-content\/uploads\/2017\/04\/IMG_8803-1-300x200.jpg 300w, https:\/\/logo-flex.de\/wp-content\/uploads\/2017\/04\/IMG_8803-1-768x512.jpg 768w, https:\/\/logo-flex.de\/wp-content\/uploads\/2017\/04\/IMG_8803-1-1030x687.jpg 1030w, https:\/\/logo-flex.de\/wp-content\/uploads\/2017\/04\/IMG_8803-1-1500x1000.jpg 1500w, https:\/\/logo-flex.de\/wp-content\/uploads\/2017\/04\/IMG_8803-1-705x470.jpg 705w, https:\/\/logo-flex.de\/wp-content\/uploads\/2017\/04\/IMG_8803-1-450x300.jpg 450w\" sizes=\"(max-width: 1920px) 100vw, 1920px\"><\/div><\/div><\/div><\/div><div class='av-flex-placeholder'><\/div><div class=\"flex_column av_one_third  flex_column_table_cell av-equal-height-column av-align-middle av-zero-column-padding   avia-builder-el-23  el_after_av_two_third  avia-builder-el-last  \" style='border-radius:0px; '><p><div  style='padding-bottom:8px; color:#000000;font-size:40px;' class='av-special-heading av-special-heading-h3 custom-color-heading blockquote modern-quote  avia-builder-el-24  el_before_av_textblock  avia-builder-el-first  av-inherit-size '><h3 class='av-special-heading-tag '  >LOGO FLEX 659<\/h3><div class='special-heading-border'><div class='special-heading-inner-border' style='border-color:#000000'><\/div><\/div><\/div><br \/>\n<section class=\"av_textblock_section \" ><div class='avia_textblock  '  ><p>perdita di calore, LOGO FLEX 659 (monoadesivo) viene impiegato per la sigillatura permanente di crepe e giunzioni nei tetti e sulle pareti. Grazie alla sua elevata flessibilit\u00e0 il materiale si adatta a tutte le irregolarit\u00e0 e rotondit\u00e0 superficiali. Il materiale tiene in modo affidabile anche in presenza di deformazioni termiche.<\/p>\n<\/div><\/section><\/p><\/div><\/div><!--close column table wrapper. Autoclose: 1 -->\n\n<\/div><\/div><\/div><!-- close content main div --><\/div><\/div><div id='av_section_5'  class='avia-section main_color avia-section-default avia-no-border-styling  avia-bg-style-scroll  avia-builder-el-26  el_after_av_section  avia-builder-el-last   container_wrap sidebar_right' style='background-color: #8e207a;  '  ><div class='container' ><div class='template-page content  av-content-small alpha units'><div class='post-entry post-entry-type-page post-entry-5947'><div class='entry-content-wrapper clearfix'>\n<div class='flex_column_table av-equal-height-column-flextable -flextable' ><div class=\"flex_column av_four_fifth  flex_column_table_cell av-equal-height-column av-align-middle av-zero-column-padding first  avia-builder-el-27  el_before_av_one_fifth  avia-builder-el-first  \" style='border-radius:0px; '><section class=\"av_textblock_section \" ><div class='avia_textblock  '  ><h3 style=\"text-align: left;\"><span style=\"color: #ffffff;\">Sie haben Interesse an unseren Produkten? Nehmen Sie hier Kontakt zu uns auf!<\/span><\/h3>\n<\/div><\/section><\/div><div class='av-flex-placeholder'><\/div><div class=\"flex_column av_one_fifth  flex_column_table_cell av-equal-height-column av-align-middle av-zero-column-padding   avia-builder-el-29  el_after_av_four_fifth  avia-builder-el-last  \" style='border-radius:0px; '><div  class='avia-button-wrap avia-button-center  avia-builder-el-30  avia-builder-el-no-sibling ' ><a href='https:\/\/logo-flex.de\/kontakt' class='avia-button   avia-icon_select-no avia-size-large avia-position-center ' target=\"_blank\" rel=\"noopener noreferrer\" style='background-color:#ffffff; border-color:#ffffff; color:#666666; '><span class='avia_iconbox_title' > Kontakt <\/span><\/a><\/div><\/div><\/div><!--close column table wrapper. Autoclose: 1 -->\n<\/div><\/div><\/div><!-- close content main div --><\/div><\/div><div id='after_section_5'  class='main_color av_default_container_wrap container_wrap sidebar_right' style=' '  ><div class='container' ><div class='template-page content  av-content-small alpha units'><div class='post-entry post-entry-type-page post-entry-5947'><div class='entry-content-wrapper clearfix'>\n","protected":false},"excerpt":{"rendered":"","protected":false},"author":4,"featured_media":5774,"parent":5971,"menu_order":0,"comment_status":"closed","ping_status":"closed","template":"","meta":[],"_links":{"self":[{"href":"https:\/\/logo-flex.de\/it\/wp-json\/wp\/v2\/pages\/5947"}],"collection":[{"href":"https:\/\/logo-flex.de\/it\/wp-json\/wp\/v2\/pages"}],"about":[{"href":"https:\/\/logo-flex.de\/it\/wp-json\/wp\/v2\/types\/page"}],"author":[{"embeddable":true,"href":"https:\/\/logo-flex.de\/it\/wp-json\/wp\/v2\/users\/4"}],"replies":[{"embeddable":true,"href":"https:\/\/logo-flex.de\/it\/wp-json\/wp\/v2\/comments?post=5947"}],"version-history":[{"count":0,"href":"https:\/\/logo-flex.de\/it\/wp-json\/wp\/v2\/pages\/5947\/revisions"}],"up":[{"embeddable":true,"href":"https:\/\/logo-flex.de\/it\/wp-json\/wp\/v2\/pages\/5971"}],"wp:featuredmedia":[{"embeddable":true,"href":"https:\/\/logo-flex.de\/it\/wp-json\/wp\/v2\/media\/5774"}],"wp:attachment":[{"href":"https:\/\/logo-flex.de\/it\/wp-json\/wp\/v2\/media?parent=5947"}],"curies":[{"name":"wp","href":"https:\/\/api.w.org\/{rel}","templated":true}]}}