{"id":4602,"date":"2017-04-10T23:06:50","date_gmt":"2017-04-10T21:06:50","guid":{"rendered":"http:\/\/logo-flex.de\/doppelseitig-klebende-reinacrylatbaender\/"},"modified":"2017-04-27T19:29:07","modified_gmt":"2017-04-27T17:29:07","slug":"doppelseitig-klebende-reinacrylatbaender","status":"publish","type":"page","link":"https:\/\/logo-flex.de\/fr\/produkte\/klebebaender\/doppelseitig-klebende-reinacrylatbaender\/","title":{"rendered":"Acrylate pur adh\u00e9sif des deux c\u00f4t\u00e9s"},"content":{"rendered":"<div id='av_section_1'  class='avia-section main_color avia-section-default avia-no-border-styling  avia-bg-style-scroll  avia-builder-el-0  el_before_av_section  avia-builder-el-first   container_wrap sidebar_right' style=' '  ><div class='container' ><main  role=\"main\" itemprop=\"mainContentOfPage\"  class='template-page content  av-content-small alpha units'><div class='post-entry post-entry-type-page post-entry-4602'><div class='entry-content-wrapper clearfix'>\n<div class=\"flex_column av_one_half  flex_column_div av-zero-column-padding first  avia-builder-el-1  el_before_av_one_half  avia-builder-el-first  \" style='border-radius:0px; '><p><div  style='padding-bottom:8px; color:#000000;font-size:40px;' class='av-special-heading av-special-heading-h3 custom-color-heading blockquote modern-quote  avia-builder-el-2  el_before_av_textblock  avia-builder-el-first  av-inherit-size '><h3 class='av-special-heading-tag '  itemprop=\"headline\"  >Acrylate pur adh\u00e9sif des deux c\u00f4t\u00e9s<\/h3><div class='special-heading-border'><div class='special-heading-inner-border' style='border-color:#000000'><\/div><\/div><\/div><br \/>\n<section class=\"av_textblock_section \"  itemscope=\"itemscope\" itemtype=\"https:\/\/schema.org\/CreativeWork\" ><div class='avia_textblock  '   itemprop=\"text\" ><h3>ACRYLIC BOND<\/h3>\n<p>est un syst\u00e8me de raccord haute performance sp\u00e9cialement d\u00e9velopp\u00e9 pour une tr\u00e8s forte adh\u00e9rence. La bande adh\u00e9sive est tr\u00e8s efficace pour les exigences statiques, thermiques, dynamiques et chimiques.<\/p>\n<p>Acrylic Bond permet d&rsquo;\u00e9tablir des raccords que seuls les raccords m\u00e9caniques, tels que les vis, rivets, soudures ou clips pouvaient apporter. Il est hautement transparent, ce qui est tr\u00e8s utile lorsque des mat\u00e9riaux, comme le verre acrylique, le verre et autres sont utilis\u00e9s.<\/p>\n<p>Acrylic Bond peut \u00eatre livr\u00e9 en rouleau de la largeur souhait\u00e9e \u00e0 partir de 6\u00a0mm. Des pi\u00e8ces estamp\u00e9es et des d\u00e9coupes sont possibles.<\/p>\n<p><strong>Domaine d&rsquo;application\u00a0:<\/strong><\/p>\n<p>construction m\u00e9tallique, industrie de la signal\u00e9tique, industrie du verre, construction automobile,\u2028construction navale, industrie \u00e9lectronique et \u00e9lectrique.<\/p>\n<p>Pour avoir un aper\u00e7u de la production, allez sur le lien suivant\u00a0:<a style=\"font-size: 16px; font-family: Arial;\" href=\"https:\/\/logo-flex.de\/pdf\/Acrylic%20Bond%20D.pdf\" target=\"_blank\" rel=\"noopener noreferrer\"><img class=\"style2\" src=\"https:\/\/logo-flex.de\/produkte_images\/images\/pdficon_large.gif\" alt=\"\" title=\"\"><\/a><\/p>\n<\/div><\/section><\/p><\/div><div class=\"flex_column av_one_half  flex_column_div av-zero-column-padding   avia-builder-el-4  el_after_av_one_half  avia-builder-el-last  \" style='border-radius:0px; '><div  class='avia-image-container  av-styling-    avia-builder-el-5  avia-builder-el-no-sibling  avia-align-center '  itemprop=\"image\" itemscope=\"itemscope\" itemtype=\"https:\/\/schema.org\/ImageObject\"  ><div class='avia-image-container-inner'><div class='avia-image-overlay-wrap'><img class=\"wp-image-4007 avia-img-lazy-loading-not-4007 avia_image\" src=\"https:\/\/logo-flex.de\/wp-content\/uploads\/2017\/04\/IMG_8818-1.jpg\" alt=\"\" title=\"IMG_8818\" height=\"1280\" width=\"1920\" itemprop=\"thumbnailUrl\" srcset=\"https:\/\/logo-flex.de\/wp-content\/uploads\/2017\/04\/IMG_8818-1.jpg 1920w, https:\/\/logo-flex.de\/wp-content\/uploads\/2017\/04\/IMG_8818-1-300x200.jpg 300w, https:\/\/logo-flex.de\/wp-content\/uploads\/2017\/04\/IMG_8818-1-768x512.jpg 768w, https:\/\/logo-flex.de\/wp-content\/uploads\/2017\/04\/IMG_8818-1-1030x687.jpg 1030w, https:\/\/logo-flex.de\/wp-content\/uploads\/2017\/04\/IMG_8818-1-1500x1000.jpg 1500w, https:\/\/logo-flex.de\/wp-content\/uploads\/2017\/04\/IMG_8818-1-705x470.jpg 705w, https:\/\/logo-flex.de\/wp-content\/uploads\/2017\/04\/IMG_8818-1-450x300.jpg 450w\" sizes=\"(max-width: 1920px) 100vw, 1920px\"><\/div><\/div><\/div><\/div><\/div><\/div><\/main><!-- close content main element --><\/div><\/div><div id='av_section_2'  class='avia-section main_color avia-section-default avia-no-border-styling  avia-bg-style-scroll  avia-builder-el-6  el_after_av_section  avia-builder-el-last   container_wrap sidebar_right' style='background-color: #8e207a;  '  ><div class='container' ><div class='template-page content  av-content-small alpha units'><div class='post-entry post-entry-type-page post-entry-4602'><div class='entry-content-wrapper clearfix'>\n<div class='flex_column_table av-equal-height-column-flextable -flextable' ><div class=\"flex_column av_four_fifth  flex_column_table_cell av-equal-height-column av-align-middle av-zero-column-padding first  avia-builder-el-7  el_before_av_one_fifth  avia-builder-el-first  \" style='border-radius:0px; '><section class=\"av_textblock_section \"  itemscope=\"itemscope\" itemtype=\"https:\/\/schema.org\/CreativeWork\" ><div class='avia_textblock  '   itemprop=\"text\" ><h3 style=\"text-align: left;\"><span style=\"color: #ffffff;\">Sie haben Interesse an unseren Produkten? Nehmen Sie hier Kontakt zu uns auf!<\/span><\/h3>\n<\/div><\/section><\/div><div class='av-flex-placeholder'><\/div><div class=\"flex_column av_one_fifth  flex_column_table_cell av-equal-height-column av-align-middle av-zero-column-padding   avia-builder-el-9  el_after_av_four_fifth  avia-builder-el-last  \" style='border-radius:0px; '><div  class='avia-button-wrap avia-button-center  avia-builder-el-10  avia-builder-el-no-sibling ' ><a href='https:\/\/logo-flex.de\/kontakt' class='avia-button   avia-icon_select-no avia-size-large avia-position-center ' target=\"_blank\" rel=\"noopener noreferrer\" style='background-color:#ffffff; border-color:#ffffff; color:#666666; '><span class='avia_iconbox_title' > Kontakt <\/span><\/a><\/div><\/div><\/div><!--close column table wrapper. Autoclose: 1 -->\n<\/div><\/div><\/div><!-- close content main div --><\/div><\/div><div id='after_section_2'  class='main_color av_default_container_wrap container_wrap sidebar_right' style=' '  ><div class='container' ><div class='template-page content  av-content-small alpha units'><div class='post-entry post-entry-type-page post-entry-4602'><div class='entry-content-wrapper clearfix'><\/p>\n","protected":false},"excerpt":{"rendered":"","protected":false},"author":4,"featured_media":4007,"parent":5054,"menu_order":0,"comment_status":"closed","ping_status":"closed","template":"","meta":[],"_links":{"self":[{"href":"https:\/\/logo-flex.de\/fr\/wp-json\/wp\/v2\/pages\/4602"}],"collection":[{"href":"https:\/\/logo-flex.de\/fr\/wp-json\/wp\/v2\/pages"}],"about":[{"href":"https:\/\/logo-flex.de\/fr\/wp-json\/wp\/v2\/types\/page"}],"author":[{"embeddable":true,"href":"https:\/\/logo-flex.de\/fr\/wp-json\/wp\/v2\/users\/4"}],"replies":[{"embeddable":true,"href":"https:\/\/logo-flex.de\/fr\/wp-json\/wp\/v2\/comments?post=4602"}],"version-history":[{"count":0,"href":"https:\/\/logo-flex.de\/fr\/wp-json\/wp\/v2\/pages\/4602\/revisions"}],"up":[{"embeddable":true,"href":"https:\/\/logo-flex.de\/fr\/wp-json\/wp\/v2\/pages\/5054"}],"wp:featuredmedia":[{"embeddable":true,"href":"https:\/\/logo-flex.de\/fr\/wp-json\/wp\/v2\/media\/4007"}],"wp:attachment":[{"href":"https:\/\/logo-flex.de\/fr\/wp-json\/wp\/v2\/media?parent=4602"}],"curies":[{"name":"wp","href":"https:\/\/api.w.org\/{rel}","templated":true}]}}