{"id":4768,"date":"2017-04-10T23:41:13","date_gmt":"2017-04-10T21:41:13","guid":{"rendered":"http:\/\/logo-flex.de\/?page_id=4768"},"modified":"2017-04-27T20:06:32","modified_gmt":"2017-04-27T18:06:32","slug":"cinta-adhesiva-fingerlift","status":"publish","type":"page","link":"https:\/\/logo-flex.de\/es\/productos\/cinta-adhesiva-fingerlift\/","title":{"rendered":"Cinta adhesiva Fingerlift"},"content":{"rendered":"<div id='av_section_1'  class='avia-section main_color avia-section-no-padding avia-no-border-styling  avia-bg-style-scroll  avia-builder-el-0  el_before_av_one_full  avia-builder-el-first   container_wrap sidebar_right' style=' '  ><div class='container' ><main  class='template-page content  av-content-small alpha units'><div class='post-entry post-entry-type-page post-entry-4768'><div class='entry-content-wrapper clearfix'>\n<div class='flex_column_table av-equal-height-column-flextable -flextable' ><div class=\"flex_column av_one_third  flex_column_table_cell av-equal-height-column av-align-middle av-zero-column-padding first  avia-builder-el-1  el_before_av_two_third  avia-builder-el-first  \" style='border-radius:0px; '><div  style='padding-bottom:8px; color:#000000;font-size:40px;' class='av-special-heading av-special-heading-h3 custom-color-heading blockquote modern-quote modern-centered  avia-builder-el-2  avia-builder-el-no-sibling  av-inherit-size '><h3 class='av-special-heading-tag '  >Fingerlift Tapes<\/h3><div class='special-heading-border'><div class='special-heading-inner-border' style='border-color:#000000'><\/div><\/div><\/div><\/div><div class='av-flex-placeholder'><\/div><div class=\"flex_column av_two_third  flex_column_table_cell av-equal-height-column av-align-middle av-zero-column-padding   avia-builder-el-3  el_after_av_one_third  avia-builder-el-last  \" style='border-radius:0px; '><div  class='avia-image-container  av-styling-    avia-builder-el-4  avia-builder-el-no-sibling  avia-align-center '  ><div class='avia-image-container-inner'><div class='avia-image-overlay-wrap'><img class=\"wp-image-5041 avia-img-lazy-loading-not-5041 avia_image\" src=\"https:\/\/logo-flex.de\/wp-content\/uploads\/2017\/04\/IMG_8825-copy-1030x687.jpg\" alt=\"\" title=\"IMG_8825 copy\" height=\"687\" width=\"1030\" srcset=\"https:\/\/logo-flex.de\/wp-content\/uploads\/2017\/04\/IMG_8825-copy-1030x687.jpg 1030w, https:\/\/logo-flex.de\/wp-content\/uploads\/2017\/04\/IMG_8825-copy-300x200.jpg 300w, https:\/\/logo-flex.de\/wp-content\/uploads\/2017\/04\/IMG_8825-copy-768x512.jpg 768w, https:\/\/logo-flex.de\/wp-content\/uploads\/2017\/04\/IMG_8825-copy-1500x1000.jpg 1500w, https:\/\/logo-flex.de\/wp-content\/uploads\/2017\/04\/IMG_8825-copy-705x470.jpg 705w, https:\/\/logo-flex.de\/wp-content\/uploads\/2017\/04\/IMG_8825-copy-450x300.jpg 450w, https:\/\/logo-flex.de\/wp-content\/uploads\/2017\/04\/IMG_8825-copy.jpg 1920w\" sizes=\"(max-width: 1030px) 100vw, 1030px\"><\/div><\/div><\/div><\/div><\/div><!--close column table wrapper. Autoclose: 1 --><\/div><\/div><\/main><!-- close content main element --><\/div><\/div><div id='after_section_1'  class='main_color av_default_container_wrap container_wrap sidebar_right' style=' '  ><div class='container' ><div class='template-page content  av-content-small alpha units'><div class='post-entry post-entry-type-page post-entry-4768'><div class='entry-content-wrapper clearfix'><div class=\"flex_column av_one_full  flex_column_div av-zero-column-padding first  avia-builder-el-5  el_after_av_section  el_before_av_section  avia-builder-el-no-sibling  \" style='border-radius:0px; '><section class=\"av_textblock_section \" ><div class='avia_textblock  '  ><p><strong>Cinta adhesiva Fingerlift<\/strong><\/p>\n<p>Se utiliza all\u00ed donde sea imprescindible retirar de manera r\u00e1pida y f\u00e1cil el papel de cubrici\u00f3n.<br \/>\nEn el caso de las aplicaciones de adhesivo m\u00e1s gruesas, el papel de cubrici\u00f3n sobresaliente impide que se transfiera el adhesivo a otros materiales de manera no intencionada.<br \/>\nFabricamos nuestras cintas adhesivas bifaz, con excedente de papel de silicona bifaz, en las siguientes dimensiones est\u00e1ndar:<br \/>\n<u>Dimensiones est\u00e1ndar:<\/u><br \/>\nLongitudes: 50-1.000 m*<\/p>\n<table>\n<tbody>\n<tr>\n<td width=\"122\"><strong>Anchura de papel:<\/strong><\/td>\n<td width=\"123\">\u00a0Anchura de adhesivo:<\/td>\n<\/tr>\n<tr>\n<td width=\"122\">12 mm<\/td>\n<td width=\"123\">6 mm<\/td>\n<\/tr>\n<tr>\n<td width=\"122\">15 mm<\/td>\n<td width=\"123\">9 mm<\/td>\n<\/tr>\n<tr>\n<td width=\"122\">18 mm<\/td>\n<td width=\"123\">12 mm<\/td>\n<\/tr>\n<tr>\n<td width=\"122\">24 mm<\/td>\n<td width=\"123\">18 mm<\/td>\n<\/tr>\n<\/tbody>\n<\/table>\n<p>* Grosor del adhesivo en caso de 1.000 m, m\u00e1x. 100 \u00b5m<\/p>\n<p>Las dimensiones especiales o cintas adhesivas Fingerlift por un solo lado son posibles bajo demanda en todo momento.<\/p>\n<p><u>Fabricaci\u00f3n personalizada seg\u00fan deseos del cliente:<\/u><br \/>\nPr\u00e1cticamente todo nuestro surtido de cintas adhesivas por ambos lados se puede procesar en nuestra casa para producir cintas adhesivas Fingerlift.<br \/>\nSin embargo, si no encontraran lo que buscan, o si se prescribiera una cinta adhesiva para una determinada finalidad de uso por parte del cliente final, confeccionaremos el material que nos proporcione para hacer una cinta adhesiva Fingerlift personalizada.<\/p>\n<\/div><\/section><\/div><\/p>\n<\/div><\/div><\/div><!-- close content main div --><\/div><\/div><div id='av_section_2'  class='avia-section main_color avia-section-default avia-no-border-styling  avia-bg-style-scroll  avia-builder-el-7  el_after_av_one_full  avia-builder-el-last   container_wrap sidebar_right' style='background-color: #8e207a;  '  ><div class='container' ><div class='template-page content  av-content-small alpha units'><div class='post-entry post-entry-type-page post-entry-4768'><div class='entry-content-wrapper clearfix'>\n<div class='flex_column_table av-equal-height-column-flextable -flextable' ><div class=\"flex_column av_four_fifth  flex_column_table_cell av-equal-height-column av-align-middle av-zero-column-padding first  avia-builder-el-8  el_before_av_one_fifth  avia-builder-el-first  \" style='border-radius:0px; '><section class=\"av_textblock_section \" ><div class='avia_textblock  '  ><h3 style=\"text-align: left;\"><span style=\"color: #ffffff;\">Sie haben Interesse an unseren Produkten? Nehmen Sie hier Kontakt zu uns auf!<\/span><\/h3>\n<\/div><\/section><\/div><div class='av-flex-placeholder'><\/div><div class=\"flex_column av_one_fifth  flex_column_table_cell av-equal-height-column av-align-middle av-zero-column-padding   avia-builder-el-10  el_after_av_four_fifth  avia-builder-el-last  \" style='border-radius:0px; '><div  class='avia-button-wrap avia-button-center  avia-builder-el-11  avia-builder-el-no-sibling ' ><a href='https:\/\/logo-flex.de\/kontakt' class='avia-button   avia-icon_select-no avia-size-large avia-position-center ' target=\"_blank\" rel=\"noopener noreferrer\" style='background-color:#ffffff; border-color:#ffffff; color:#666666; '><span class='avia_iconbox_title' > Kontakt <\/span><\/a><\/div><\/div><\/div><!--close column table wrapper. Autoclose: 1 -->\n<\/div><\/div><\/div><!-- close content main div --><\/div><\/div><div id='after_section_2'  class='main_color av_default_container_wrap container_wrap sidebar_right' style=' '  ><div class='container' ><div class='template-page content  av-content-small alpha units'><div class='post-entry post-entry-type-page post-entry-4768'><div class='entry-content-wrapper clearfix'>\n","protected":false},"excerpt":{"rendered":"","protected":false},"author":4,"featured_media":0,"parent":4971,"menu_order":0,"comment_status":"closed","ping_status":"closed","template":"","meta":[],"_links":{"self":[{"href":"https:\/\/logo-flex.de\/es\/wp-json\/wp\/v2\/pages\/4768"}],"collection":[{"href":"https:\/\/logo-flex.de\/es\/wp-json\/wp\/v2\/pages"}],"about":[{"href":"https:\/\/logo-flex.de\/es\/wp-json\/wp\/v2\/types\/page"}],"author":[{"embeddable":true,"href":"https:\/\/logo-flex.de\/es\/wp-json\/wp\/v2\/users\/4"}],"replies":[{"embeddable":true,"href":"https:\/\/logo-flex.de\/es\/wp-json\/wp\/v2\/comments?post=4768"}],"version-history":[{"count":0,"href":"https:\/\/logo-flex.de\/es\/wp-json\/wp\/v2\/pages\/4768\/revisions"}],"up":[{"embeddable":true,"href":"https:\/\/logo-flex.de\/es\/wp-json\/wp\/v2\/pages\/4971"}],"wp:attachment":[{"href":"https:\/\/logo-flex.de\/es\/wp-json\/wp\/v2\/media?parent=4768"}],"curies":[{"name":"wp","href":"https:\/\/api.w.org\/{rel}","templated":true}]}}