{"id":4592,"date":"2017-04-10T22:48:14","date_gmt":"2017-04-10T20:48:14","guid":{"rendered":"http:\/\/logo-flex.de\/?page_id=4592"},"modified":"2017-04-28T13:09:44","modified_gmt":"2017-04-28T11:09:44","slug":"klebebaender","status":"publish","type":"page","link":"https:\/\/logo-flex.de\/es\/productos\/klebebaender\/","title":{"rendered":"Cintas"},"content":{"rendered":"<div id='av_section_1'  class='avia-section main_color avia-section-default avia-no-shadow  avia-full-stretch avia-bg-style-scroll  avia-builder-el-0  el_before_av_section  avia-builder-el-first   av-section-with-video-bg av-section-mobile-video-disabled container_wrap sidebar_right' style='background-repeat: no-repeat; background-image: url(https:\/\/logo-flex.de\/wp-content\/uploads\/2017\/02\/sammelbild_retusche-1500x630.jpg);background-attachment: scroll; background-position: center center;  '  data-section-bg-repeat='stretch' data-section-video-ratio='16:9'><div   data-size='featured'  data-lightbox_size='large'  data-animation='slide'  data-conditional_play=''  data-ids=''  data-video_counter='1'  data-autoplay='false'  data-bg_slider='false'  data-slide_height=''  data-handle=''  data-interval='5'  data-class=' av-section-video-bg'  data-el_id=''  data-css_id=''  data-scroll_down=''  data-control_layout=''  data-custom_markup=''  data-perma_caption=''  data-autoplay_stopper=''  data-image_attachment=''  data-min_height='0px'  data-lazy_loading='disabled'  data-default-height='28.666666666667'  class='avia-slideshow avia-slideshow-1  av-default-height-applied avia-slideshow-featured   av-section-video-bg avia-slide-slider ' ><ul class='avia-slideshow-inner ' style='padding-bottom: 28.666666666667%;' ><li  data-controls='disabled' data-mute='aviaTBaviaTBvideo_mute' data-loop='1' data-disable-autoplay=''  data-video-ratio='3.4883720930233' class=' av-video-slide  av-video-service-html5  av-hide-video-controls av-mute-video av-loop-video av-single-slide slide-1 ' ><div data-rel='slideshow-1' class='avia-slide-wrap '   ><div class='av-click-overlay'><\/div><video class='avia_video'  autoplay loop preload=\"metadata\" muted  id='player_4592_1377289458_1460411723'><source src=\"https:\/\/logo-flex.de\/wp-content\/uploads\/2017\/03\/ueber_uns_logoflex.mp4\" type=\"video\/mp4\" \/><\/video><div class='av-click-to-play-overlay'><div class=\"avia_playpause_icon\"><\/div><\/div><\/div><\/li><\/ul><\/div><div class='container' ><main  class='template-page content  av-content-small alpha units'><div class='post-entry post-entry-type-page post-entry-4592'><div class='entry-content-wrapper clearfix'>\n<div  style='height:25px' class='hr hr-invisible   avia-builder-el-1  el_before_av_heading  avia-builder-el-first '><span class='hr-inner ' ><span class='hr-inner-style'><\/span><\/span><\/div>\n<div  style='padding-bottom:8px; color:#ffffff;font-size:40px;' class='av-special-heading av-special-heading-h3 custom-color-heading blockquote modern-quote modern-centered  avia-builder-el-2  el_after_av_hr  avia-builder-el-last  av-inherit-size '><h3 class='av-special-heading-tag '  >Cintas<\/h3><div class ='av-subheading av-subheading_below av_custom_color ' style='font-size:17px;'><p>Desde la aplicaci\u00f3n de adhesivo en cintas hasta la confecci\u00f3n de rollos y piezas de estampaci\u00f3n, en nuestra f\u00e1brica de Remscheid producimos de todo.<\/p>\n<\/div><div class='special-heading-border'><div class='special-heading-inner-border' style='border-color:#ffffff'><\/div><\/div><\/div>\n\n<\/div><\/div><\/main><!-- close content main element --><\/div><\/div><div id='av_section_2'  class='avia-section main_color avia-section-default avia-no-shadow  avia-bg-style-scroll  avia-builder-el-3  el_after_av_section  avia-builder-el-last   container_wrap sidebar_right' style=' '  ><div class='container' ><div class='template-page content  av-content-small alpha units'><div class='post-entry post-entry-type-page post-entry-4592'><div class='entry-content-wrapper clearfix'>\n<div id='av-masonry-1' class='av-masonry  noHover av-flex-size av-large-gap av-hover-overlay- av-masonry-animation-active av-masonry-col-4 av-caption-always av-caption-style- av-masonry-gallery     '  ><div class='av-masonry-container isotope av-js-disabled ' ><div class='av-masonry-entry isotope-item av-masonry-item-no-image '><\/div><div id='av-masonry-1-item-3974' data-av-masonry-item='3974' class='av-masonry-entry isotope-item post-3974 attachment type-attachment status-inherit hentry  av-masonry-item-with-image'  ><div class='av-inner-masonry-sizer'><\/div><figure class='av-inner-masonry main_color'><div class=\"av-masonry-outerimage-container\"><div class=\"av-masonry-image-container\" ><img width=\"705\" height=\"470\" class=\"wp-image-3974 avia-img-lazy-loading-not-3974\"  src=\"https:\/\/logo-flex.de\/wp-content\/uploads\/bilder_resized\/IMG_8783-705x470.jpg\" title=\"IMG_8783\" alt=\"Cintas adhesivas por las dos caras con soporte de fieltro\" srcset=\"https:\/\/logo-flex.de\/wp-content\/uploads\/bilder_resized\/IMG_8783-705x470.jpg 705w, https:\/\/logo-flex.de\/wp-content\/uploads\/bilder_resized\/IMG_8783-300x200.jpg 300w, https:\/\/logo-flex.de\/wp-content\/uploads\/bilder_resized\/IMG_8783-768x512.jpg 768w, https:\/\/logo-flex.de\/wp-content\/uploads\/bilder_resized\/IMG_8783-1030x687.jpg 1030w, https:\/\/logo-flex.de\/wp-content\/uploads\/bilder_resized\/IMG_8783-1500x1000.jpg 1500w, https:\/\/logo-flex.de\/wp-content\/uploads\/bilder_resized\/IMG_8783-450x300.jpg 450w, https:\/\/logo-flex.de\/wp-content\/uploads\/bilder_resized\/IMG_8783.jpg 1920w\" sizes=\"(max-width: 705px) 100vw, 705px\" \/><\/div><\/div><figcaption class='av-inner-masonry-content site-background'><div class='av-inner-masonry-content-pos'><div class='av-inner-masonry-content-pos-content'><div class='avia-arrow'><\/div><div class='av-masonry-entry-content entry-content' >Cintas adhesivas por las dos caras con soporte de fieltro<\/div><\/div><\/div><\/figcaption><\/figure><\/div><!--end av-masonry entry--><div id='av-masonry-1-item-3970' data-av-masonry-item='3970' class='av-masonry-entry isotope-item post-3970 attachment type-attachment status-inherit hentry  av-masonry-item-with-image'  ><div class='av-inner-masonry-sizer'><\/div><figure class='av-inner-masonry main_color'><div class=\"av-masonry-outerimage-container\"><div class=\"av-masonry-image-container\" ><img width=\"705\" height=\"470\" class=\"wp-image-3970 avia-img-lazy-loading-not-3970\"  src=\"https:\/\/logo-flex.de\/wp-content\/uploads\/bilder_resized\/IMG_8771-705x470.jpg\" title=\"IMG_8771\" alt=\"Cintas adhesivas por las dos caras con soporte de espuma\" srcset=\"https:\/\/logo-flex.de\/wp-content\/uploads\/bilder_resized\/IMG_8771-705x470.jpg 705w, https:\/\/logo-flex.de\/wp-content\/uploads\/bilder_resized\/IMG_8771-300x200.jpg 300w, https:\/\/logo-flex.de\/wp-content\/uploads\/bilder_resized\/IMG_8771-768x512.jpg 768w, https:\/\/logo-flex.de\/wp-content\/uploads\/bilder_resized\/IMG_8771-1030x687.jpg 1030w, https:\/\/logo-flex.de\/wp-content\/uploads\/bilder_resized\/IMG_8771-1500x1000.jpg 1500w, https:\/\/logo-flex.de\/wp-content\/uploads\/bilder_resized\/IMG_8771-450x300.jpg 450w, https:\/\/logo-flex.de\/wp-content\/uploads\/bilder_resized\/IMG_8771.jpg 1920w\" sizes=\"(max-width: 705px) 100vw, 705px\" \/><\/div><\/div><figcaption class='av-inner-masonry-content site-background'><div class='av-inner-masonry-content-pos'><div class='av-inner-masonry-content-pos-content'><div class='avia-arrow'><\/div><div class='av-masonry-entry-content entry-content' >Cintas adhesivas por las dos caras con soporte de espuma<\/div><\/div><\/div><\/figcaption><\/figure><\/div><!--end av-masonry entry--><div id='av-masonry-1-item-4153' data-av-masonry-item='4153' class='av-masonry-entry isotope-item post-4153 attachment type-attachment status-inherit hentry  av-masonry-item-with-image'  ><div class='av-inner-masonry-sizer'><\/div><figure class='av-inner-masonry main_color'><div class=\"av-masonry-outerimage-container\"><div class=\"av-masonry-image-container\" ><img width=\"705\" height=\"470\" class=\"wp-image-4153 avia-img-lazy-loading-not-4153\"  src=\"https:\/\/logo-flex.de\/wp-content\/uploads\/2017\/04\/IMG_88542-1-705x470.jpg\" title=\"IMG_88542\" alt=\"De una cara cintas de tejido adhesivo\" srcset=\"https:\/\/logo-flex.de\/wp-content\/uploads\/2017\/04\/IMG_88542-1-705x470.jpg 705w, https:\/\/logo-flex.de\/wp-content\/uploads\/2017\/04\/IMG_88542-1-300x200.jpg 300w, https:\/\/logo-flex.de\/wp-content\/uploads\/2017\/04\/IMG_88542-1-768x512.jpg 768w, https:\/\/logo-flex.de\/wp-content\/uploads\/2017\/04\/IMG_88542-1-1030x687.jpg 1030w, https:\/\/logo-flex.de\/wp-content\/uploads\/2017\/04\/IMG_88542-1-1500x1000.jpg 1500w, https:\/\/logo-flex.de\/wp-content\/uploads\/2017\/04\/IMG_88542-1-450x300.jpg 450w, https:\/\/logo-flex.de\/wp-content\/uploads\/2017\/04\/IMG_88542-1.jpg 1920w\" sizes=\"(max-width: 705px) 100vw, 705px\" \/><\/div><\/div><figcaption class='av-inner-masonry-content site-background'><div class='av-inner-masonry-content-pos'><div class='av-inner-masonry-content-pos-content'><div class='avia-arrow'><\/div><div class='av-masonry-entry-content entry-content' >De una cara cintas de tejido adhesivo<\/div><\/div><\/div><\/figcaption><\/figure><\/div><!--end av-masonry entry--><div id='av-masonry-1-item-4074' data-av-masonry-item='4074' class='av-masonry-entry isotope-item post-4074 attachment type-attachment status-inherit hentry  av-masonry-item-with-image'  ><div class='av-inner-masonry-sizer'><\/div><figure class='av-inner-masonry main_color'><div class=\"av-masonry-outerimage-container\"><div class=\"av-masonry-image-container\" ><img width=\"705\" height=\"470\" class=\"wp-image-4074 avia-img-lazy-loading-not-4074\"  src=\"https:\/\/logo-flex.de\/wp-content\/uploads\/2017\/04\/6-705x470.jpg\" title=\"6\" alt=\"Cintas adhesivas por las dos caras con soporte laminar\" srcset=\"https:\/\/logo-flex.de\/wp-content\/uploads\/2017\/04\/6-705x470.jpg 705w, https:\/\/logo-flex.de\/wp-content\/uploads\/2017\/04\/6-300x200.jpg 300w, https:\/\/logo-flex.de\/wp-content\/uploads\/2017\/04\/6-768x512.jpg 768w, https:\/\/logo-flex.de\/wp-content\/uploads\/2017\/04\/6-1030x687.jpg 1030w, https:\/\/logo-flex.de\/wp-content\/uploads\/2017\/04\/6-1500x1000.jpg 1500w, https:\/\/logo-flex.de\/wp-content\/uploads\/2017\/04\/6-450x300.jpg 450w, https:\/\/logo-flex.de\/wp-content\/uploads\/2017\/04\/6.jpg 1920w\" sizes=\"(max-width: 705px) 100vw, 705px\" \/><\/div><\/div><figcaption class='av-inner-masonry-content site-background'><div class='av-inner-masonry-content-pos'><div class='av-inner-masonry-content-pos-content'><div class='avia-arrow'><\/div><div class='av-masonry-entry-content entry-content' >Cintas adhesivas por las dos caras con soporte laminar<\/div><\/div><\/div><\/figcaption><\/figure><\/div><!--end av-masonry entry--><div id='av-masonry-1-item-4087' data-av-masonry-item='4087' class='av-masonry-entry isotope-item post-4087 attachment type-attachment status-inherit hentry  av-masonry-item-with-image'  ><div class='av-inner-masonry-sizer'><\/div><figure class='av-inner-masonry main_color'><div class=\"av-masonry-outerimage-container\"><div class=\"av-masonry-image-container\" ><img width=\"705\" height=\"471\" class=\"wp-image-4087 avia-img-lazy-loading-not-4087\"  src=\"https:\/\/logo-flex.de\/wp-content\/uploads\/2017\/04\/7-705x471.jpg\" title=\"7\" alt=\"Cintas adhesivas por las dos caras con soporte de tejido y de n\u00facleo\" srcset=\"https:\/\/logo-flex.de\/wp-content\/uploads\/2017\/04\/7-705x471.jpg 705w, https:\/\/logo-flex.de\/wp-content\/uploads\/2017\/04\/7-300x200.jpg 300w, https:\/\/logo-flex.de\/wp-content\/uploads\/2017\/04\/7-768x513.jpg 768w, https:\/\/logo-flex.de\/wp-content\/uploads\/2017\/04\/7-1030x688.jpg 1030w, https:\/\/logo-flex.de\/wp-content\/uploads\/2017\/04\/7-1500x1002.jpg 1500w, https:\/\/logo-flex.de\/wp-content\/uploads\/2017\/04\/7-450x301.jpg 450w\" sizes=\"(max-width: 705px) 100vw, 705px\" \/><\/div><\/div><figcaption class='av-inner-masonry-content site-background'><div class='av-inner-masonry-content-pos'><div class='av-inner-masonry-content-pos-content'><div class='avia-arrow'><\/div><div class='av-masonry-entry-content entry-content' >Cintas adhesivas por las dos caras con soporte de tejido y de n\u00facleo<\/div><\/div><\/div><\/figcaption><\/figure><\/div><!--end av-masonry entry--><div id='av-masonry-1-item-4008' data-av-masonry-item='4008' class='av-masonry-entry isotope-item post-4008 attachment type-attachment status-inherit hentry  av-masonry-item-with-image'  ><div class='av-inner-masonry-sizer'><\/div><figure class='av-inner-masonry main_color'><div class=\"av-masonry-outerimage-container\"><div class=\"av-masonry-image-container\" ><img width=\"705\" height=\"470\" class=\"wp-image-4008 avia-img-lazy-loading-not-4008\"  src=\"https:\/\/logo-flex.de\/wp-content\/uploads\/2017\/04\/IMG_8818-1-705x470.jpg\" title=\"IMG_8818\" alt=\"Cintas adhesivas por las dos caras, puramente acr\u00edlicas\" srcset=\"https:\/\/logo-flex.de\/wp-content\/uploads\/2017\/04\/IMG_8818-1-705x470.jpg 705w, https:\/\/logo-flex.de\/wp-content\/uploads\/2017\/04\/IMG_8818-1-300x200.jpg 300w, https:\/\/logo-flex.de\/wp-content\/uploads\/2017\/04\/IMG_8818-1-768x512.jpg 768w, https:\/\/logo-flex.de\/wp-content\/uploads\/2017\/04\/IMG_8818-1-1030x687.jpg 1030w, https:\/\/logo-flex.de\/wp-content\/uploads\/2017\/04\/IMG_8818-1-1500x1000.jpg 1500w, https:\/\/logo-flex.de\/wp-content\/uploads\/2017\/04\/IMG_8818-1-450x300.jpg 450w, https:\/\/logo-flex.de\/wp-content\/uploads\/2017\/04\/IMG_8818-1.jpg 1920w\" sizes=\"(max-width: 705px) 100vw, 705px\" \/><\/div><\/div><figcaption class='av-inner-masonry-content site-background'><div class='av-inner-masonry-content-pos'><div class='av-inner-masonry-content-pos-content'><div class='avia-arrow'><\/div><div class='av-masonry-entry-content entry-content' >Cintas adhesivas por las dos caras, puramente acr\u00edlicas<\/div><\/div><\/div><\/figcaption><\/figure><\/div><!--end av-masonry entry--><div id='av-masonry-1-item-3996' data-av-masonry-item='3996' class='av-masonry-entry isotope-item post-3996 attachment type-attachment status-inherit hentry  av-masonry-item-with-image'  ><div class='av-inner-masonry-sizer'><\/div><figure class='av-inner-masonry main_color'><div class=\"av-masonry-outerimage-container\"><div class=\"av-masonry-image-container\" ><img width=\"705\" height=\"470\" class=\"wp-image-3996 avia-img-lazy-loading-not-3996\" src=\"https:\/\/logo-flex.de\/wp-content\/uploads\/2017\/04\/IMG_8793-1-705x470.jpg\" title=\"IMG_8793\" alt=\"\" srcset=\"https:\/\/logo-flex.de\/wp-content\/uploads\/2017\/04\/IMG_8793-1-705x470.jpg 705w, https:\/\/logo-flex.de\/wp-content\/uploads\/2017\/04\/IMG_8793-1-300x200.jpg 300w, https:\/\/logo-flex.de\/wp-content\/uploads\/2017\/04\/IMG_8793-1-768x512.jpg 768w, https:\/\/logo-flex.de\/wp-content\/uploads\/2017\/04\/IMG_8793-1-1030x687.jpg 1030w, https:\/\/logo-flex.de\/wp-content\/uploads\/2017\/04\/IMG_8793-1-1500x1000.jpg 1500w, https:\/\/logo-flex.de\/wp-content\/uploads\/2017\/04\/IMG_8793-1-450x300.jpg 450w, https:\/\/logo-flex.de\/wp-content\/uploads\/2017\/04\/IMG_8793-1.jpg 1920w\" sizes=\"(max-width: 705px) 100vw, 705px\"><\/div><\/div><figcaption class='av-inner-masonry-content site-background'><div class='av-inner-masonry-content-pos'><div class='av-inner-masonry-content-pos-content'><div class='avia-arrow'><\/div><div class='av-masonry-entry-content entry-content' >Cintas adhesivas por un lado y productos especiales<\/div><\/div><\/div><\/figcaption><\/figure><\/div><!--end av-masonry entry--><div id='av-masonry-1-item-4024' data-av-masonry-item='4024' class='av-masonry-entry isotope-item post-4024 attachment type-attachment status-inherit hentry  av-masonry-item-with-image'  ><div class='av-inner-masonry-sizer'><\/div><figure class='av-inner-masonry main_color'><div class=\"av-masonry-outerimage-container\"><div class=\"av-masonry-image-container\" ><img width=\"705\" height=\"470\" class=\"wp-image-4024 avia-img-lazy-loading-not-4024\"  src=\"https:\/\/logo-flex.de\/wp-content\/uploads\/2017\/04\/IMG_9009-705x470.jpg\" title=\"IMG_9009\" alt=\"Cintas adhesivas por un lado y productos especiales\" srcset=\"https:\/\/logo-flex.de\/wp-content\/uploads\/2017\/04\/IMG_9009-705x470.jpg 705w, https:\/\/logo-flex.de\/wp-content\/uploads\/2017\/04\/IMG_9009-300x200.jpg 300w, https:\/\/logo-flex.de\/wp-content\/uploads\/2017\/04\/IMG_9009-768x512.jpg 768w, https:\/\/logo-flex.de\/wp-content\/uploads\/2017\/04\/IMG_9009-1030x687.jpg 1030w, https:\/\/logo-flex.de\/wp-content\/uploads\/2017\/04\/IMG_9009-1500x1000.jpg 1500w, https:\/\/logo-flex.de\/wp-content\/uploads\/2017\/04\/IMG_9009-450x300.jpg 450w, https:\/\/logo-flex.de\/wp-content\/uploads\/2017\/04\/IMG_9009.jpg 1920w\" sizes=\"(max-width: 705px) 100vw, 705px\" \/><\/div><\/div><figcaption class='av-inner-masonry-content site-background'><div class='av-inner-masonry-content-pos'><div class='av-inner-masonry-content-pos-content'><div class='avia-arrow'><\/div><div class='av-masonry-entry-content entry-content' >Cintas adhesivas de transferencia sistema ATG y portarrollos manual<\/div><\/div><\/div><\/figcaption><\/figure><\/div><!--end av-masonry entry--><\/div><\/div>\n<\/div><\/div><\/div><!-- close content main div --><\/div><\/div><div id='after_section_2'  class='main_color av_default_container_wrap container_wrap sidebar_right' style=' '  ><div class='container' ><div class='template-page content  av-content-small alpha units'><div class='post-entry post-entry-type-page post-entry-4592'><div class='entry-content-wrapper clearfix'>\n","protected":false},"excerpt":{"rendered":"","protected":false},"author":4,"featured_media":4149,"parent":4971,"menu_order":0,"comment_status":"closed","ping_status":"closed","template":"","meta":[],"_links":{"self":[{"href":"https:\/\/logo-flex.de\/es\/wp-json\/wp\/v2\/pages\/4592"}],"collection":[{"href":"https:\/\/logo-flex.de\/es\/wp-json\/wp\/v2\/pages"}],"about":[{"href":"https:\/\/logo-flex.de\/es\/wp-json\/wp\/v2\/types\/page"}],"author":[{"embeddable":true,"href":"https:\/\/logo-flex.de\/es\/wp-json\/wp\/v2\/users\/4"}],"replies":[{"embeddable":true,"href":"https:\/\/logo-flex.de\/es\/wp-json\/wp\/v2\/comments?post=4592"}],"version-history":[{"count":0,"href":"https:\/\/logo-flex.de\/es\/wp-json\/wp\/v2\/pages\/4592\/revisions"}],"up":[{"embeddable":true,"href":"https:\/\/logo-flex.de\/es\/wp-json\/wp\/v2\/pages\/4971"}],"wp:featuredmedia":[{"embeddable":true,"href":"https:\/\/logo-flex.de\/es\/wp-json\/wp\/v2\/media\/4149"}],"wp:attachment":[{"href":"https:\/\/logo-flex.de\/es\/wp-json\/wp\/v2\/media?parent=4592"}],"curies":[{"name":"wp","href":"https:\/\/api.w.org\/{rel}","templated":true}]}}