{"id":4545,"date":"2017-03-14T09:56:22","date_gmt":"2017-03-14T08:56:22","guid":{"rendered":"http:\/\/logo-flex.de\/?page_id=4545"},"modified":"2017-04-28T12:59:30","modified_gmt":"2017-04-28T10:59:30","slug":"valores-y-vision","status":"publish","type":"page","link":"https:\/\/logo-flex.de\/es\/sobre-nosotros\/valores-y-vision\/","title":{"rendered":"Valores y visi\u00f3n"},"content":{"rendered":"<div id='av_section_1'  class='avia-section main_color avia-section-default avia-no-shadow  av-parallax-section av-section-color-overlay-active avia-bg-style-parallax  avia-builder-el-0  el_before_av_section  avia-builder-el-first   av-section-with-video-bg av-section-mobile-video-disabled container_wrap sidebar_right' style=' '  data-section-bg-repeat='no-repeat' data-section-video-ratio='16:9'><div   data-size='featured'  data-lightbox_size='large'  data-animation='slide'  data-conditional_play=''  data-ids=''  data-video_counter='1'  data-autoplay='false'  data-bg_slider='false'  data-slide_height=''  data-handle=''  data-interval='5'  data-class=' av-section-video-bg'  data-el_id=''  data-css_id=''  data-scroll_down=''  data-control_layout=''  data-custom_markup=''  data-perma_caption=''  data-autoplay_stopper=''  data-image_attachment=''  data-min_height='0px'  data-lazy_loading='disabled'  data-default-height='28.666666666667'  class='avia-slideshow avia-slideshow-1  av-default-height-applied avia-slideshow-featured   av-section-video-bg avia-slide-slider ' ><ul class='avia-slideshow-inner ' style='padding-bottom: 28.666666666667%;' ><li  data-controls='disabled' data-mute='aviaTBaviaTBvideo_mute' data-loop='1' data-disable-autoplay=''  data-video-ratio='3.4883720930233' class=' av-video-slide  av-video-service-html5  av-hide-video-controls av-mute-video av-loop-video av-single-slide slide-1 ' ><div data-rel='slideshow-1' class='avia-slide-wrap '   ><div class='av-click-overlay'><\/div><video class='avia_video'  autoplay loop preload=\"metadata\" muted  id='player_4545_1950696754_1757463607'><source src=\"https:\/\/logo-flex.de\/wp-content\/uploads\/2017\/04\/header_logoflex_company_1.mp4\" type=\"video\/mp4\" \/><\/video><div class='av-click-to-play-overlay'><div class=\"avia_playpause_icon\"><\/div><\/div><\/div><\/li><\/ul><\/div><div class='av-parallax' data-avia-parallax-ratio='0.3' ><div class='av-parallax-inner main_color  avia-full-stretch' style = 'background-repeat: no-repeat; background-image: url(https:\/\/logo-flex.de\/wp-content\/uploads\/2017\/02\/sammelbild_retusche-1500x630.jpg);background-attachment: scroll; background-position: center center; ' ><\/div><\/div><div class='av-section-color-overlay-wrap'><div class='av-section-color-overlay' style='opacity: 0.2; background-color: #020202; '><\/div><div class='container' ><main  class='template-page content  av-content-small alpha units'><div class='post-entry post-entry-type-page post-entry-4545'><div class='entry-content-wrapper clearfix'>\n<div  style='height:35px' class='hr hr-invisible   avia-builder-el-1  el_before_av_heading  avia-builder-el-first '><span class='hr-inner ' ><span class='hr-inner-style'><\/span><\/span><\/div>\n<div  style='padding-bottom:8px; color:#ffffff;font-size:40px;' class='av-special-heading av-special-heading-h3 custom-color-heading blockquote modern-quote modern-centered  avia-builder-el-2  el_after_av_hr  el_before_av_hr  av-inherit-size '><h3 class='av-special-heading-tag '  >Valores y visi\u00f3n<\/h3><div class='special-heading-border'><div class='special-heading-inner-border' style='border-color:#ffffff'><\/div><\/div><\/div>\n<div  style='height:65px' class='hr hr-invisible   avia-builder-el-3  el_after_av_heading  avia-builder-el-last '><span class='hr-inner ' ><span class='hr-inner-style'><\/span><\/span><\/div>\n\n<\/div><\/div><\/main><!-- close content main element --><\/div><\/div><\/div><div id='av_section_2'  class='avia-section main_color avia-section-default avia-no-shadow  avia-bg-style-scroll  avia-builder-el-4  el_after_av_section  avia-builder-el-last   container_wrap sidebar_right' style=' '  ><div class='container' ><div class='template-page content  av-content-small alpha units'><div class='post-entry post-entry-type-page post-entry-4545'><div class='entry-content-wrapper clearfix'>\n<div class=\"flex_column av_two_third  flex_column_div av-zero-column-padding first  avia-builder-el-5  el_before_av_one_third  avia-builder-el-first  \" style='border-radius:0px; '><section class=\"av_textblock_section \" ><div class='avia_textblock  '  ><h3>El cliente se encuentra en el centro<\/h3>\n<p>El centro de nuestra acci\u00f3n son nuestros clientes. Las soluciones a medida de la m\u00e1xima calidad se encuentran en el foco de nuestra actividad empresarial.<br \/>\nUna relaci\u00f3n de asociaci\u00f3n con nuestros clientes garantiza una gran referenciabilidad y las mejores opciones de lograr \u00e9xitos conjuntos.<br \/>\nLos clientes satisfechos garantizan estos \u00e9xitos para nosotros<\/p>\n<\/div><\/section><br \/>\n<div   class=\"togglecontainer   toggle_close_all  avia-builder-el-7  el_after_av_textblock  avia-builder-el-last \" >\n<section class=\"av_toggle_section\"  >    <div role=\"tablist\" class=\"single_toggle\" data-tags=\"{Todo} \"  >        <p data-fake-id=\"#toggle-id-1\" class=\"toggler \"    role=\"tab\" tabindex=\"0\" aria-controls=\"toggle-id-1\">Actuaci\u00f3n \u00e9tica y sostenible<span class=\"toggle_icon\" >        <span class=\"vert_icon\"><\/span><span class=\"hor_icon\"><\/span><\/span><\/p>        <div id=\"toggle-id-1\" class=\"toggle_wrap \"   >            <div class=\"toggle_content invers-color \"   ><p>Nuestra actuaci\u00f3n viene caracterizada por principios \u00e9ticos.<br \/>\nNuestra producci\u00f3n se dise\u00f1a con todas sus innovaciones priorizando su valor, calidad y sostenibilidad. Los aspectos medioambientales son igual de importantes que los aspectos humanos y cualitativos.<\/p>\n            <\/div>        <\/div>    <\/div><\/section>\n<section class=\"av_toggle_section\"  >    <div role=\"tablist\" class=\"single_toggle\" data-tags=\"{Todo} \"  >        <p data-fake-id=\"#toggle-id-2\" class=\"toggler \"    role=\"tab\" tabindex=\"0\" aria-controls=\"toggle-id-2\">Actuaci\u00f3n con \u00e9xito<span class=\"toggle_icon\" >        <span class=\"vert_icon\"><\/span><span class=\"hor_icon\"><\/span><\/span><\/p>        <div id=\"toggle-id-2\" class=\"toggle_wrap \"   >            <div class=\"toggle_content invers-color \"   ><p>Ampliamos continuamente nuestra posici\u00f3n en el mercado para permitir configurar la empresa con su propia identidad inconfundible y seguir desarroll\u00e1ndola.<\/p>\n            <\/div>        <\/div>    <\/div><\/section>\n<section class=\"av_toggle_section\"  >    <div role=\"tablist\" class=\"single_toggle\" data-tags=\"{Todo} \"  >        <p data-fake-id=\"#toggle-id-3\" class=\"toggler \"    role=\"tab\" tabindex=\"0\" aria-controls=\"toggle-id-3\">Innovaci\u00f3n<span class=\"toggle_icon\" >        <span class=\"vert_icon\"><\/span><span class=\"hor_icon\"><\/span><\/span><\/p>        <div id=\"toggle-id-3\" class=\"toggle_wrap \"   >            <div class=\"toggle_content invers-color \"   ><p>Para satisfacer las exigencias que cambian en el mercado, analizamos continuamente nuestros productos y procesos.<br \/>\nNuestra ambici\u00f3n nos lleva a mejorar y adaptar los flujos de trabajo existentes as\u00ed como a desarrollar las soluciones m\u00e1s complejas como respuesta a los requisitos m\u00e1s distintos.<br \/>\nNuestro surtido crece continuamente integrando los conocimientos y las tecnolog\u00edas m\u00e1s recientes.<\/p>\n            <\/div>        <\/div>    <\/div><\/section>\n<section class=\"av_toggle_section\"  >    <div role=\"tablist\" class=\"single_toggle\" data-tags=\"{Todo} \"  >        <p data-fake-id=\"#toggle-id-4\" class=\"toggler \"    role=\"tab\" tabindex=\"0\" aria-controls=\"toggle-id-4\">Respeto y di\u00e1logo abierto<span class=\"toggle_icon\" >        <span class=\"vert_icon\"><\/span><span class=\"hor_icon\"><\/span><\/span><\/p>        <div id=\"toggle-id-4\" class=\"toggle_wrap \"   >            <div class=\"toggle_content invers-color \"   ><p>Tratamos a nuestros clientes con respeto. La comunicaci\u00f3n abierta y el feedback constituyen componentes esenciales de nuestra estrategia empresarial.<\/p>\n            <\/div>        <\/div>    <\/div><\/section>\n<section class=\"av_toggle_section\"  >    <div role=\"tablist\" class=\"single_toggle\" data-tags=\"{Todo} \"  >        <p data-fake-id=\"#toggle-id-5\" class=\"toggler \"    role=\"tab\" tabindex=\"0\" aria-controls=\"toggle-id-5\">Fiabilidad<span class=\"toggle_icon\" >        <span class=\"vert_icon\"><\/span><span class=\"hor_icon\"><\/span><\/span><\/p>        <div id=\"toggle-id-5\" class=\"toggle_wrap \"   >            <div class=\"toggle_content invers-color \"   ><p>Solo prometemos lo que podemos cumplir.<\/p>\n            <\/div>        <\/div>    <\/div><\/section>\n<section class=\"av_toggle_section\"  >    <div role=\"tablist\" class=\"single_toggle\" data-tags=\"{Todo} \"  >        <p data-fake-id=\"#toggle-id-6\" class=\"toggler \"    role=\"tab\" tabindex=\"0\" aria-controls=\"toggle-id-6\">Nuestra visi\u00f3n<span class=\"toggle_icon\" >        <span class=\"vert_icon\"><\/span><span class=\"hor_icon\"><\/span><\/span><\/p>        <div id=\"toggle-id-6\" class=\"toggle_wrap \"   >            <div class=\"toggle_content invers-color \"   ><p>Como empresa innovadora y de estructuras esbeltas, utilizaremos nuestra experiencia para participar con productos de alta calidad en el mercado de crecimiento de nuestro sector y jugar en \u00e9l un papel importante con un servicio convincente.<br \/>\nSostenibles &#8211;\u00a0 agradables \u2013 atractivos<\/p>\n            <\/div>        <\/div>    <\/div><\/section>\n<\/div><\/p><\/div><div class=\"flex_column av_one_third  flex_column_div   avia-builder-el-8  el_after_av_two_third  avia-builder-el-last  ueber_uns \" style='padding:15px 20px 15px 20px ; background-color:#8e207a; border-radius:0px; '><p><div  class='avia-builder-widget-area clearfix  avia-builder-el-9  el_before_av_sidebar  avia-builder-el-first '><div id=\"nav_menu-4\" class=\"widget clearfix widget_nav_menu\"><h3 class=\"widgettitle\">Sobre Nosotros<\/h3><div class=\"menu-unternehmen-spanisch-container\"><ul id=\"menu-unternehmen-spanisch\" class=\"menu\"><li id=\"menu-item-4755\" class=\"menu-item menu-item-type-post_type menu-item-object-page menu-item-4755\"><a href=\"https:\/\/logo-flex.de\/es\/sobre-nosotros\/\">Sobre Nosotros<\/a><\/li>\n<li id=\"menu-item-4756\" class=\"menu-item menu-item-type-post_type menu-item-object-page menu-item-4756\"><a href=\"https:\/\/logo-flex.de\/es\/sobre-nosotros\/valores-y-vision\/\">Valores y visi\u00f3n<\/a><\/li>\n<li id=\"menu-item-4757\" class=\"menu-item menu-item-type-post_type menu-item-object-page menu-item-4757\"><a href=\"https:\/\/logo-flex.de\/es\/sobre-nosotros\/tecnologia-de-poliuretano\/\">Tecnolog\u00eda de poliuretano<\/a><\/li>\n<li id=\"menu-item-4758\" class=\"menu-item menu-item-type-post_type menu-item-object-page menu-item-4758\"><a href=\"https:\/\/logo-flex.de\/es\/sobre-nosotros\/adhesiva\/\">Tecnolog\u00eda adhesiva<\/a><\/li>\n<\/ul><\/div><\/div><div id=\"avia_mailchimp_widget-4\" class=\"widget clearfix avia_mailchimp_widget\"><h3 class=\"widgettitle\">Newsletter<\/h3><div class='av-mailchimp-widget av-mailchimp-widget-style- '><form action=\"https:\/\/logo-flex.de\/es\/sobre-nosotros\/valores-y-vision\/\" method=\"post\"  data-av-custom-send='mailchimp_send' class=\"avia_ajax_form av-form-labels-hidden    avia-mailchimp-form \" data-avia-form-id=\"1\" data-avia-redirect='' ><fieldset><p class='  first_form  form_element form_fullwidth' id='element_avia_3_1'><label for=\"avia_3_1\">Company <abbr class=\"required\" title=\"requerido\">*<\/abbr><\/label> <input name=\"avia_3_1\" class=\"text_input is_empty\" type=\"text\" id=\"avia_3_1\" value=\"\"  placeholder='Company*'\/><\/p><p class='  first_form  form_element form_fullwidth' id='element_avia_2_1'><label for=\"avia_2_1\">Last Name<\/label> <input name=\"avia_2_1\" class=\"text_input \" type=\"text\" id=\"avia_2_1\" value=\"\"  placeholder='Last Name'\/><\/p><p class='  first_form  form_element form_fullwidth' id='element_avia_1_1'><label for=\"avia_1_1\">First Name<\/label> <input name=\"avia_1_1\" class=\"text_input \" type=\"text\" id=\"avia_1_1\" value=\"\"  placeholder='First Name'\/><\/p><p class='  first_form  form_element form_fullwidth' id='element_avia_0_1'><label for=\"avia_0_1\">Email Address <abbr class=\"required\" title=\"requerido\">*<\/abbr><\/label> <input name=\"avia_0_1\" class=\"text_input is_email\" type=\"text\" id=\"avia_0_1\" value=\"\"  placeholder='Email Address*'\/><\/p><p class='av_form_privacy_check av_mailchimp_privacy_check first_form  form_element form_fullwidth av-last-visible-form-element' id='element_avia_av_privacy_agreement_1'>    <input  name=\"avia_av_privacy_agreement_1\" class=\"input_checkbox is_empty\" type=\"checkbox\" id=\"avia_av_privacy_agreement_1\" value=\"true\"\/><label class=\"input_checkbox_label\" for=\"avia_av_privacy_agreement_1\">I agree to the terms and conditions laid out in the <a href='https:\/\/logo-flex.de\/datenschutzbelehrung\/' target='_blank' rel=\"noopener\">Privacy Policy<\/a> <abbr class=\"required\" title=\"requerido\">*<\/abbr><\/label><\/p><p class=\"hidden\"><input type=\"text\" name=\"avia_avia_username_1\" class=\"hidden \" id=\"avia_avia_username_1\" value=\"\" \/><\/p><p class=\"form_element \"><input type=\"hidden\" value=\"1\" name=\"avia_generated_form1\" \/><input type=\"submit\" value=\"Abonnieren\" class=\"button\"  data-sending-label=\"Enviando\"\/><\/p><\/fieldset><\/form><div id=\"ajaxresponse_1\" class=\"ajaxresponse ajaxresponse_1 hidden\"><\/div><\/div><\/div><\/div><br \/>\n<\/p><\/div>\n<\/div><\/div><\/div><!-- close content main div --><\/div><\/div><div id='after_section_2'  class='main_color av_default_container_wrap container_wrap sidebar_right' style=' '  ><div class='container' ><div class='template-page content  av-content-small alpha units'><div class='post-entry post-entry-type-page post-entry-4545'><div class='entry-content-wrapper clearfix'>\n","protected":false},"excerpt":{"rendered":"","protected":false},"author":4,"featured_media":0,"parent":4538,"menu_order":0,"comment_status":"closed","ping_status":"closed","template":"","meta":[],"_links":{"self":[{"href":"https:\/\/logo-flex.de\/es\/wp-json\/wp\/v2\/pages\/4545"}],"collection":[{"href":"https:\/\/logo-flex.de\/es\/wp-json\/wp\/v2\/pages"}],"about":[{"href":"https:\/\/logo-flex.de\/es\/wp-json\/wp\/v2\/types\/page"}],"author":[{"embeddable":true,"href":"https:\/\/logo-flex.de\/es\/wp-json\/wp\/v2\/users\/4"}],"replies":[{"embeddable":true,"href":"https:\/\/logo-flex.de\/es\/wp-json\/wp\/v2\/comments?post=4545"}],"version-history":[{"count":0,"href":"https:\/\/logo-flex.de\/es\/wp-json\/wp\/v2\/pages\/4545\/revisions"}],"up":[{"embeddable":true,"href":"https:\/\/logo-flex.de\/es\/wp-json\/wp\/v2\/pages\/4538"}],"wp:attachment":[{"href":"https:\/\/logo-flex.de\/es\/wp-json\/wp\/v2\/media?parent=4545"}],"curies":[{"name":"wp","href":"https:\/\/api.w.org\/{rel}","templated":true}]}}